{"id":470,"date":"2020-09-16T17:52:54","date_gmt":"2020-09-16T15:52:54","guid":{"rendered":"https:\/\/trasladocaravanas.com\/?page_id=470"},"modified":"2024-02-18T11:38:32","modified_gmt":"2024-02-18T10:38:32","slug":"inicio","status":"publish","type":"page","link":"https:\/\/trasladocaravanas.com\/ca\/","title":{"rendered":"Inici"},"content":{"rendered":"\t\t<div data-elementor-type=\"wp-page\" data-elementor-id=\"470\" class=\"elementor elementor-470 elementor-12\">\n\t\t\t\t\t\t<section class=\"elementor-section elementor-top-section elementor-element elementor-element-80f88d2 elementor-section-full_width elementor-section-content-top elementor-section-height-default elementor-section-height-default\" data-id=\"80f88d2\" data-element_type=\"section\">\n\t\t\t\t\t\t<div class=\"elementor-container elementor-column-gap-default\">\n\t\t\t\t\t<div class=\"elementor-column elementor-col-25 elementor-top-column elementor-element elementor-element-6d17ca5\" data-id=\"6d17ca5\" data-element_type=\"column\">\n\t\t\t<div class=\"elementor-widget-wrap elementor-element-populated\">\n\t\t\t\t\t\t<div class=\"elementor-element elementor-element-8f0d095 elementor-widget elementor-widget-image\" data-id=\"8f0d095\" data-element_type=\"widget\" data-widget_type=\"image.default\">\n\t\t\t\t<div class=\"elementor-widget-container\">\n\t\t\t\t\t\t\t\t\t\t\t\t\t<img width=\"76\" height=\"73\" src=\"https:\/\/trasladocaravanas.com\/wp-content\/uploads\/2021\/02\/logotelefono3-.jpeg\" class=\"attachment-large size-large wp-image-784\" alt=\"logo telefon\" \/>\t\t\t\t\t\t\t\t\t\t\t\t\t<\/div>\n\t\t\t\t<\/div>\n\t\t\t\t\t<\/div>\n\t\t<\/div>\n\t\t\t\t<div class=\"elementor-column elementor-col-50 elementor-top-column elementor-element elementor-element-d8c98c6\" data-id=\"d8c98c6\" data-element_type=\"column\">\n\t\t\t<div class=\"elementor-widget-wrap elementor-element-populated\">\n\t\t\t\t\t\t<div class=\"elementor-element elementor-element-87435cf elementor-widget elementor-widget-text-editor\" data-id=\"87435cf\" data-element_type=\"widget\" data-widget_type=\"text-editor.default\">\n\t\t\t\t<div class=\"elementor-widget-container\">\n\t\t\t\t\t\t\t<p style=\"text-align: center;\"><strong><em><a href=\"tel:+34630821652\" target=\"_blank\" rel=\"noreferrer noopener\">630 82 16 52<\/a><\/em><\/strong><\/p>\n\t\t\t\t\t\t<\/div>\n\t\t\t\t<\/div>\n\t\t\t\t\t<\/div>\n\t\t<\/div>\n\t\t\t\t<div class=\"elementor-column elementor-col-25 elementor-top-column elementor-element elementor-element-772a9b8\" data-id=\"772a9b8\" data-element_type=\"column\">\n\t\t\t<div class=\"elementor-widget-wrap elementor-element-populated\">\n\t\t\t\t\t\t<div class=\"elementor-element elementor-element-fb890a4 elementor-widget elementor-widget-image\" data-id=\"fb890a4\" data-element_type=\"widget\" data-widget_type=\"image.default\">\n\t\t\t\t<div class=\"elementor-widget-container\">\n\t\t\t\t\t\t\t\t\t\t\t\t\t<img src=\"https:\/\/trasladocaravanas.com\/wp-content\/uploads\/2021\/02\/logowhatssap-3-e1629912094463.jpg\" title=\"logowhatssap-3\" alt=\"Logo whatssap\" loading=\"lazy\" \/>\t\t\t\t\t\t\t\t\t\t\t\t\t<\/div>\n\t\t\t\t<\/div>\n\t\t\t\t\t<\/div>\n\t\t<\/div>\n\t\t\t\t\t<\/div>\n\t\t<\/section>\n\t\t\t\t<section class=\"elementor-section elementor-top-section elementor-element elementor-element-e884e31 elementor-section-full_width elementor-section-height-default elementor-section-height-default\" data-id=\"e884e31\" data-element_type=\"section\">\n\t\t\t\t\t\t<div class=\"elementor-container elementor-column-gap-default\">\n\t\t\t\t\t<div class=\"elementor-column elementor-col-100 elementor-top-column elementor-element elementor-element-dc5afa7\" data-id=\"dc5afa7\" data-element_type=\"column\">\n\t\t\t<div class=\"elementor-widget-wrap elementor-element-populated\">\n\t\t\t\t\t\t<div class=\"elementor-element elementor-element-ad10e7c elementor-widget elementor-widget-image\" data-id=\"ad10e7c\" data-element_type=\"widget\" data-widget_type=\"image.default\">\n\t\t\t\t<div class=\"elementor-widget-container\">\n\t\t\t\t\t\t\t\t\t\t\t\t\t<img fetchpriority=\"high\" width=\"853\" height=\"480\" src=\"https:\/\/trasladocaravanas.com\/wp-content\/uploads\/2020\/12\/Trasladocaravana-12-2020-3-Petit.jpeg\" class=\"attachment-large size-large wp-image-751\" alt=\"Caravanas y remolques\" srcset=\"https:\/\/trasladocaravanas.com\/wp-content\/uploads\/2020\/12\/Trasladocaravana-12-2020-3-Petit.jpeg 853w, https:\/\/trasladocaravanas.com\/wp-content\/uploads\/2020\/12\/Trasladocaravana-12-2020-3-Petit-300x169.jpeg 300w, https:\/\/trasladocaravanas.com\/wp-content\/uploads\/2020\/12\/Trasladocaravana-12-2020-3-Petit-768x432.jpeg 768w\" sizes=\"(max-width: 853px) 100vw, 853px\" \/>\t\t\t\t\t\t\t\t\t\t\t\t\t<\/div>\n\t\t\t\t<\/div>\n\t\t\t\t\t<\/div>\n\t\t<\/div>\n\t\t\t\t\t<\/div>\n\t\t<\/section>\n\t\t\t\t<section class=\"elementor-section elementor-top-section elementor-element elementor-element-b628206 elementor-section-boxed elementor-section-height-default elementor-section-height-default\" data-id=\"b628206\" data-element_type=\"section\">\n\t\t\t\t\t\t<div class=\"elementor-container elementor-column-gap-default\">\n\t\t\t\t\t<div class=\"elementor-column elementor-col-100 elementor-top-column elementor-element elementor-element-787d449\" data-id=\"787d449\" data-element_type=\"column\">\n\t\t\t<div class=\"elementor-widget-wrap elementor-element-populated\">\n\t\t\t\t\t\t<div class=\"elementor-element elementor-element-7e3ed16 elementor-widget elementor-widget-text-editor\" data-id=\"7e3ed16\" data-element_type=\"widget\" data-widget_type=\"text-editor.default\">\n\t\t\t\t<div class=\"elementor-widget-container\">\n\t\t\t\t\t\t\t<p style=\"text-align: center;\"><strong>Nom\u00e9s s&#8217;admeten trasllats de Caravanes amb documentaci\u00f3 i ITV al dia.<\/strong><\/p>\n\t\t\t\t\t\t<\/div>\n\t\t\t\t<\/div>\n\t\t\t\t\t<\/div>\n\t\t<\/div>\n\t\t\t\t\t<\/div>\n\t\t<\/section>\n\t\t\t\t<section class=\"elementor-section elementor-top-section elementor-element elementor-element-5bc514c elementor-section-boxed elementor-section-height-default elementor-section-height-default\" data-id=\"5bc514c\" data-element_type=\"section\">\n\t\t\t\t\t\t<div class=\"elementor-container elementor-column-gap-default\">\n\t\t\t\t\t<div class=\"elementor-column elementor-col-100 elementor-top-column elementor-element elementor-element-4063ada\" data-id=\"4063ada\" data-element_type=\"column\">\n\t\t\t<div class=\"elementor-widget-wrap elementor-element-populated\">\n\t\t\t\t\t\t<div class=\"elementor-element elementor-element-e8e6125 elementor-widget elementor-widget-text-editor\" data-id=\"e8e6125\" data-element_type=\"widget\" data-widget_type=\"text-editor.default\">\n\t\t\t\t<div class=\"elementor-widget-container\">\n\t\t\t\t\t\t\t<h1 style=\"text-align: center;\">Empresa de Trasllat de caravanes<\/h1>\n<p>Si ets de el grup d&#8217;aventurers que compta amb una caravana, ja sigui per viure o per vacacionar, has de saber que aquest tipus d&#8217;espais d&#8217;allotjament, poden ser traslladats a el lloc que es desitgis i sense afectar la teva comoditat.<\/p>\n<p>L\u00f2gicament, el servei de trasllat de Caravanes i remolcs, demanda comptar amb un vehicle a motor que pugui realitzar el recorregut projectat i d&#8217;aquesta forma arribar a el lloc que desitgis r\u00e0pidament. I aix\u00f2 ho podr\u00e0s trobar a la nostra empresa de transport al Solson\u00e8s.<\/p>\n<p>Moltes persones realitzen el transport de caravanes de forma particular, \u00e9s a dir amb el seu propi vehicle, per\u00f2 tamb\u00e9 hi ha la possibilitat de realitzar el trasllat amb una empresa privada com la nostra, on t&#8217;oferim la tranquil\u00b7litat i seguretat que la teva caravana arribar\u00e0 en perfecte estat.<\/p>\n<p>&nbsp;<\/p>\n\t\t\t\t\t\t<\/div>\n\t\t\t\t<\/div>\n\t\t\t\t<div class=\"elementor-element elementor-element-991abdc elementor-widget elementor-widget-image\" data-id=\"991abdc\" data-element_type=\"widget\" data-widget_type=\"image.default\">\n\t\t\t\t<div class=\"elementor-widget-container\">\n\t\t\t\t\t\t\t\t\t\t\t\t\t<img width=\"350\" height=\"250\" src=\"https:\/\/trasladocaravanas.com\/wp-content\/uploads\/2021\/05\/Traslado-de-buggy-web.jpg\" class=\"attachment-large size-large wp-image-845\" alt=\"traslado de buggy\" srcset=\"https:\/\/trasladocaravanas.com\/wp-content\/uploads\/2021\/05\/Traslado-de-buggy-web.jpg 350w, https:\/\/trasladocaravanas.com\/wp-content\/uploads\/2021\/05\/Traslado-de-buggy-web-300x214.jpg 300w\" sizes=\"(max-width: 350px) 100vw, 350px\" \/>\t\t\t\t\t\t\t\t\t\t\t\t\t<\/div>\n\t\t\t\t<\/div>\n\t\t\t\t<div class=\"elementor-element elementor-element-7fba145 elementor-widget elementor-widget-text-editor\" data-id=\"7fba145\" data-element_type=\"widget\" data-widget_type=\"text-editor.default\">\n\t\t\t\t<div class=\"elementor-widget-container\">\n\t\t\t\t\t\t\t<h3>Quan realitzar un trasllat de caravanes?<\/h3>\n<p>Al contractar els nostres serveis, podr\u00e0s realitzar el trasllat de caravanes de forma expedita, ja que comptem amb una \u00e0mplia plantilla de transportistes responsables i capacitats per realitzar aquest tasca cap a la destinaci\u00f3 que necessitis.<\/p>\n<p>Per descomptat, el cost del teu trasllat pot variar en funci\u00f3 a certs aspectes i de la premura que tinguis de realitzar-lo, ja que les dates inflexibles disminueixen una mica les possibilitats d&#8217;ofertes.<\/p>\n<p>De qualsevol manera, amb el nostre servei de trasllat sempre podr\u00e0s despla\u00e7ar la teva caravana a Barcelona, amb la seguretat que arribar\u00e0 sense contratemps i per un cost veritablement assequible.<\/p>\n\t\t\t\t\t\t<\/div>\n\t\t\t\t<\/div>\n\t\t\t\t<div class=\"elementor-element elementor-element-20d18b4 elementor-widget elementor-widget-text-editor\" data-id=\"20d18b4\" data-element_type=\"widget\" data-widget_type=\"text-editor.default\">\n\t\t\t\t<div class=\"elementor-widget-container\">\n\t\t\t\t\t\t\t<h3>Quant costa el trasllat de caravanes?<\/h3>\n<p>Moltes persones pensen que el preu de traslladar una caravana pot ser extremadament elevat, per\u00f2 no necess\u00e0riament \u00e9s aix\u00ed.<\/p>\n<p>Per\u00f2, quant costa un trasllat de caravanes? El c\u00e0lcul de l&#8217;preu de l&#8217;trasllat de caravanes dep\u00e8n de diversos factors, com el s\u00f3n:<\/p>\n<ul>\n<li>Les dimensions de la caravana: a major pes i grand\u00e0ria, pot augmentar el cost de l&#8217;trasllat.<\/li>\n<li>La dist\u00e0ncia de l&#8217;trasllat: segons el quilometratge recorregut, s&#8217;ajusta la tarifa.<\/li>\n<li>Zona el trasllat: un trasllat internacional mereix majors despeses que un nacional.<\/li>\n<\/ul>\n<p>Tots aquests aspectes s\u00f3n considerats alhora, per aix\u00ed poder estimar una tarifa justa per als nostres clients.<\/p>\n\t\t\t\t\t\t<\/div>\n\t\t\t\t<\/div>\n\t\t\t\t<div class=\"elementor-element elementor-element-6835619 elementor-widget elementor-widget-text-editor\" data-id=\"6835619\" data-element_type=\"widget\" data-widget_type=\"text-editor.default\">\n\t\t\t\t<div class=\"elementor-widget-container\">\n\t\t\t\t\t\t\t<p style=\"text-align: center;\">Tamb\u00e9 \u00e9s important tenir en compte que, si la caravana requereix l&#8217;\u00fas d&#8217;un remolc, llavors aix\u00f2 incrementar\u00e0 la prestaci\u00f3 de servei.<\/p>\n\t\t\t\t\t\t<\/div>\n\t\t\t\t<\/div>\n\t\t\t\t<div class=\"elementor-element elementor-element-b623c54 elementor-widget elementor-widget-text-editor\" data-id=\"b623c54\" data-element_type=\"widget\" data-widget_type=\"text-editor.default\">\n\t\t\t\t<div class=\"elementor-widget-container\">\n\t\t\t\t\t\t\t<h3><a href=\"https:\/\/trasladocaravanas.com\/ca\/on-vols-anar\/\"><span style=\"color: #000000;\"><strong>Cap a on \u00e9s possible realitzar el trasllat de caravanes?<\/strong><\/span><\/a>\u2192<\/h3>\n<p><a href=\"https:\/\/trasladocaravanas.com\/ca\/on-vols-anar\/\"><img loading=\"lazy\" class=\"aligncenter wp-image-283 \" src=\"https:\/\/trasladocaravanas.com\/wp-content\/uploads\/2020\/08\/Mapa-de-Espana2-1024x725.jpg\" alt=\"Mapa de Espa\u00f1a\" width=\"246\" height=\"174\" srcset=\"https:\/\/trasladocaravanas.com\/wp-content\/uploads\/2020\/08\/Mapa-de-Espana2-1024x725.jpg 1024w, https:\/\/trasladocaravanas.com\/wp-content\/uploads\/2020\/08\/Mapa-de-Espana2-300x213.jpg 300w, https:\/\/trasladocaravanas.com\/wp-content\/uploads\/2020\/08\/Mapa-de-Espana2-768x544.jpg 768w, https:\/\/trasladocaravanas.com\/wp-content\/uploads\/2020\/08\/Mapa-de-Espana2.jpg 1063w\" sizes=\"(max-width: 246px) 100vw, 246px\" \/><\/a><\/p>\n\t\t\t\t\t\t<\/div>\n\t\t\t\t<\/div>\n\t\t\t\t\t<\/div>\n\t\t<\/div>\n\t\t\t\t\t<\/div>\n\t\t<\/section>\n\t\t\t\t<section class=\"elementor-section elementor-top-section elementor-element elementor-element-3f724c3 elementor-section-boxed elementor-section-height-default elementor-section-height-default\" data-id=\"3f724c3\" data-element_type=\"section\">\n\t\t\t\t\t\t<div class=\"elementor-container elementor-column-gap-default\">\n\t\t\t\t\t<div class=\"elementor-column elementor-col-100 elementor-top-column elementor-element elementor-element-5f8e260\" data-id=\"5f8e260\" data-element_type=\"column\">\n\t\t\t<div class=\"elementor-widget-wrap elementor-element-populated\">\n\t\t\t\t\t\t<div class=\"elementor-element elementor-element-34eb661 elementor-widget elementor-widget-heading\" data-id=\"34eb661\" data-element_type=\"widget\" data-widget_type=\"heading.default\">\n\t\t\t\t<div class=\"elementor-widget-container\">\n\t\t\t<h4 class=\"elementor-heading-title elementor-size-default\">Amb col\u00b7laboraci\u00f3 directa de:<\/h4>\t\t<\/div>\n\t\t\t\t<\/div>\n\t\t\t\t<section class=\"elementor-section elementor-inner-section elementor-element elementor-element-ee85322 elementor-section-boxed elementor-section-height-default elementor-section-height-default\" data-id=\"ee85322\" data-element_type=\"section\">\n\t\t\t\t\t\t<div class=\"elementor-container elementor-column-gap-default\">\n\t\t\t\t\t<div class=\"elementor-column elementor-col-33 elementor-inner-column elementor-element elementor-element-f51ad4f\" data-id=\"f51ad4f\" data-element_type=\"column\">\n\t\t\t<div class=\"elementor-widget-wrap elementor-element-populated\">\n\t\t\t\t\t\t<div class=\"elementor-element elementor-element-f4298b5 elementor-widget elementor-widget-heading\" data-id=\"f4298b5\" data-element_type=\"widget\" data-widget_type=\"heading.default\">\n\t\t\t\t<div class=\"elementor-widget-container\">\n\t\t\t<h4 class=\"elementor-heading-title elementor-size-default\"><a href=\"http:\/\/www.taxisolsona.com\" target=\"_blank\">www.taxisolsona.com<\/a><\/h4>\t\t<\/div>\n\t\t\t\t<\/div>\n\t\t\t\t\t<\/div>\n\t\t<\/div>\n\t\t\t\t<div class=\"elementor-column elementor-col-33 elementor-inner-column elementor-element elementor-element-458c8ca\" data-id=\"458c8ca\" data-element_type=\"column\">\n\t\t\t<div class=\"elementor-widget-wrap elementor-element-populated\">\n\t\t\t\t\t\t<div class=\"elementor-element elementor-element-bba27b9 elementor-widget elementor-widget-image\" data-id=\"bba27b9\" data-element_type=\"widget\" data-widget_type=\"image.default\">\n\t\t\t\t<div class=\"elementor-widget-container\">\n\t\t\t\t\t\t\t\t\t\t\t\t\t\t<a href=\"http:\/\/solsones.ddl.net\/\" target=\"_blank\">\n\t\t\t\t\t\t\t<img loading=\"lazy\" width=\"100\" height=\"100\" src=\"https:\/\/trasladocaravanas.com\/wp-content\/uploads\/2020\/08\/Logo-Consell-Comarcal-Solsones.jpg\" class=\"attachment-thumbnail size-thumbnail wp-image-245\" alt=\"Consell Comarcal de Solson\u00e8s\" \/>\t\t\t\t\t\t\t\t<\/a>\n\t\t\t\t\t\t\t\t\t\t\t\t\t<\/div>\n\t\t\t\t<\/div>\n\t\t\t\t\t<\/div>\n\t\t<\/div>\n\t\t\t\t<div class=\"elementor-column elementor-col-33 elementor-inner-column elementor-element elementor-element-e44c7df\" data-id=\"e44c7df\" data-element_type=\"column\">\n\t\t\t<div class=\"elementor-widget-wrap elementor-element-populated\">\n\t\t\t\t\t\t<div class=\"elementor-element elementor-element-1b1c92c elementor-widget elementor-widget-heading\" data-id=\"1b1c92c\" data-element_type=\"widget\" data-widget_type=\"heading.default\">\n\t\t\t\t<div class=\"elementor-widget-container\">\n\t\t\t<h4 class=\"elementor-heading-title elementor-size-default\"><a href=\"https:\/\/taximonovolumen.com\/\" target=\"_blank\">www.taxioliana.com<\/a><\/h4>\t\t<\/div>\n\t\t\t\t<\/div>\n\t\t\t\t\t<\/div>\n\t\t<\/div>\n\t\t\t\t\t<\/div>\n\t\t<\/section>\n\t\t\t\t\t<\/div>\n\t\t<\/div>\n\t\t\t\t\t<\/div>\n\t\t<\/section>\n\t\t\t\t<\/div>\n\t\t","protected":false},"excerpt":{"rendered":"<p>630 82 16 52 Nom\u00e9s s&#8217;admeten trasllats de Caravanes amb documentaci\u00f3 i ITV al dia. Empresa de Trasllat de caravanes Si ets de el grup d&#8217;aventurers que compta amb una caravana, ja sigui per viure o per vacacionar, has de saber que aquest tipus d&#8217;espais d&#8217;allotjament, poden ser traslladats a el lloc que es desitgis &#8230; <a title=\"Inici\" class=\"read-more\" href=\"https:\/\/trasladocaravanas.com\/ca\/\" aria-label=\"M\u00e9s sobre Inici\">Llegiu m\u00e9s<\/a><\/p>\n","protected":false},"author":1,"featured_media":0,"parent":0,"menu_order":0,"comment_status":"closed","ping_status":"closed","template":"","meta":[],"yoast_head":"<!-- This site is optimized with the Yoast SEO plugin v20.6 - https:\/\/yoast.com\/wordpress\/plugins\/seo\/ -->\n<title>Trasllat de caravanes i remolcs - Pressupost sense comprom\u00eds.<\/title>\n<meta name=\"description\" content=\"Trasllat de caravanes i remolcs - Transportem la teva caravana o remolc de casa teva o c\u00e0mping al teu dest\u00ed triat - Pressupost sense comprom\u00eds \u260e\" \/>\n<meta name=\"robots\" content=\"index, follow, max-snippet:-1, max-image-preview:large, max-video-preview:-1\" \/>\n<link rel=\"canonical\" href=\"https:\/\/trasladocaravanas.com\/ca\/\" \/>\n<meta property=\"og:locale\" content=\"ca_ES\" \/>\n<meta property=\"og:type\" content=\"article\" \/>\n<meta property=\"og:title\" content=\"Trasllat de caravanes i remolcs - Pressupost sense comprom\u00eds.\" \/>\n<meta property=\"og:description\" content=\"Trasllat de caravanes i remolcs - Transportem la teva caravana o remolc de casa teva o c\u00e0mping al teu dest\u00ed triat - Pressupost sense comprom\u00eds \u260e\" \/>\n<meta property=\"og:url\" content=\"https:\/\/trasladocaravanas.com\/ca\/\" \/>\n<meta property=\"og:site_name\" content=\"Traslado de caravanas\" \/>\n<meta property=\"article:publisher\" content=\"https:\/\/www.facebook.com\/trasladocaravanas\/\" \/>\n<meta property=\"article:modified_time\" content=\"2024-02-18T10:38:32+00:00\" \/>\n<meta property=\"og:image\" content=\"https:\/\/trasladocaravanas.com\/wp-content\/uploads\/2021\/02\/logotelefono3-.jpeg\" \/>\n<meta name=\"twitter:label1\" content=\"Temps estimat de lectura\" \/>\n\t<meta name=\"twitter:data1\" content=\"3 minuts\" \/>\n<script type=\"application\/ld+json\" class=\"yoast-schema-graph\">{\"@context\":\"https:\/\/schema.org\",\"@graph\":[{\"@type\":\"WebPage\",\"@id\":\"https:\/\/trasladocaravanas.com\/ca\/\",\"url\":\"https:\/\/trasladocaravanas.com\/ca\/\",\"name\":\"Trasllat de caravanes i remolcs - Pressupost sense comprom\u00eds.\",\"isPartOf\":{\"@id\":\"https:\/\/trasladocaravanas.com\/ca\/#website\"},\"datePublished\":\"2020-09-16T15:52:54+00:00\",\"dateModified\":\"2024-02-18T10:38:32+00:00\",\"description\":\"Trasllat de caravanes i remolcs - Transportem la teva caravana o remolc de casa teva o c\u00e0mping al teu dest\u00ed triat - Pressupost sense comprom\u00eds \u260e\",\"breadcrumb\":{\"@id\":\"https:\/\/trasladocaravanas.com\/ca\/#breadcrumb\"},\"inLanguage\":\"ca\",\"potentialAction\":[{\"@type\":\"ReadAction\",\"target\":[\"https:\/\/trasladocaravanas.com\/ca\/\"]}]},{\"@type\":\"BreadcrumbList\",\"@id\":\"https:\/\/trasladocaravanas.com\/ca\/#breadcrumb\",\"itemListElement\":[{\"@type\":\"ListItem\",\"position\":1,\"name\":\"Portada\",\"item\":\"https:\/\/trasladocaravanas.com\/ca\/inicio\/\"},{\"@type\":\"ListItem\",\"position\":2,\"name\":\"Inici\"}]},{\"@type\":\"WebSite\",\"@id\":\"https:\/\/trasladocaravanas.com\/ca\/#website\",\"url\":\"https:\/\/trasladocaravanas.com\/ca\/\",\"name\":\"Traslado de caravanas\",\"description\":\"Trasladamos Caravanas y Remolques\",\"publisher\":{\"@id\":\"https:\/\/trasladocaravanas.com\/ca\/#organization\"},\"potentialAction\":[{\"@type\":\"SearchAction\",\"target\":{\"@type\":\"EntryPoint\",\"urlTemplate\":\"https:\/\/trasladocaravanas.com\/ca\/?s={search_term_string}\"},\"query-input\":\"required name=search_term_string\"}],\"inLanguage\":\"ca\"},{\"@type\":\"Organization\",\"@id\":\"https:\/\/trasladocaravanas.com\/ca\/#organization\",\"name\":\"Traslado Caravanas\",\"url\":\"https:\/\/trasladocaravanas.com\/ca\/\",\"logo\":{\"@type\":\"ImageObject\",\"inLanguage\":\"ca\",\"@id\":\"https:\/\/trasladocaravanas.com\/ca\/#\/schema\/logo\/image\/\",\"url\":\"https:\/\/trasladocaravanas.com\/wp-content\/uploads\/2020\/07\/logo-petit.jpg\",\"contentUrl\":\"https:\/\/trasladocaravanas.com\/wp-content\/uploads\/2020\/07\/logo-petit.jpg\",\"width\":32,\"height\":32,\"caption\":\"Traslado Caravanas\"},\"image\":{\"@id\":\"https:\/\/trasladocaravanas.com\/ca\/#\/schema\/logo\/image\/\"},\"sameAs\":[\"https:\/\/www.facebook.com\/trasladocaravanas\/\"]}]}<\/script>\n<!-- \/ Yoast SEO plugin. -->","yoast_head_json":{"title":"Trasllat de caravanes i remolcs - Pressupost sense comprom\u00eds.","description":"Trasllat de caravanes i remolcs - Transportem la teva caravana o remolc de casa teva o c\u00e0mping al teu dest\u00ed triat - Pressupost sense comprom\u00eds \u260e","robots":{"index":"index","follow":"follow","max-snippet":"max-snippet:-1","max-image-preview":"max-image-preview:large","max-video-preview":"max-video-preview:-1"},"canonical":"https:\/\/trasladocaravanas.com\/ca\/","og_locale":"ca_ES","og_type":"article","og_title":"Trasllat de caravanes i remolcs - Pressupost sense comprom\u00eds.","og_description":"Trasllat de caravanes i remolcs - Transportem la teva caravana o remolc de casa teva o c\u00e0mping al teu dest\u00ed triat - Pressupost sense comprom\u00eds \u260e","og_url":"https:\/\/trasladocaravanas.com\/ca\/","og_site_name":"Traslado de caravanas","article_publisher":"https:\/\/www.facebook.com\/trasladocaravanas\/","article_modified_time":"2024-02-18T10:38:32+00:00","og_image":[{"url":"https:\/\/trasladocaravanas.com\/wp-content\/uploads\/2021\/02\/logotelefono3-.jpeg"}],"twitter_misc":{"Temps estimat de lectura":"3 minuts"},"schema":{"@context":"https:\/\/schema.org","@graph":[{"@type":"WebPage","@id":"https:\/\/trasladocaravanas.com\/ca\/","url":"https:\/\/trasladocaravanas.com\/ca\/","name":"Trasllat de caravanes i remolcs - Pressupost sense comprom\u00eds.","isPartOf":{"@id":"https:\/\/trasladocaravanas.com\/ca\/#website"},"datePublished":"2020-09-16T15:52:54+00:00","dateModified":"2024-02-18T10:38:32+00:00","description":"Trasllat de caravanes i remolcs - Transportem la teva caravana o remolc de casa teva o c\u00e0mping al teu dest\u00ed triat - Pressupost sense comprom\u00eds \u260e","breadcrumb":{"@id":"https:\/\/trasladocaravanas.com\/ca\/#breadcrumb"},"inLanguage":"ca","potentialAction":[{"@type":"ReadAction","target":["https:\/\/trasladocaravanas.com\/ca\/"]}]},{"@type":"BreadcrumbList","@id":"https:\/\/trasladocaravanas.com\/ca\/#breadcrumb","itemListElement":[{"@type":"ListItem","position":1,"name":"Portada","item":"https:\/\/trasladocaravanas.com\/ca\/inicio\/"},{"@type":"ListItem","position":2,"name":"Inici"}]},{"@type":"WebSite","@id":"https:\/\/trasladocaravanas.com\/ca\/#website","url":"https:\/\/trasladocaravanas.com\/ca\/","name":"Traslado de caravanas","description":"Trasladamos Caravanas y Remolques","publisher":{"@id":"https:\/\/trasladocaravanas.com\/ca\/#organization"},"potentialAction":[{"@type":"SearchAction","target":{"@type":"EntryPoint","urlTemplate":"https:\/\/trasladocaravanas.com\/ca\/?s={search_term_string}"},"query-input":"required name=search_term_string"}],"inLanguage":"ca"},{"@type":"Organization","@id":"https:\/\/trasladocaravanas.com\/ca\/#organization","name":"Traslado Caravanas","url":"https:\/\/trasladocaravanas.com\/ca\/","logo":{"@type":"ImageObject","inLanguage":"ca","@id":"https:\/\/trasladocaravanas.com\/ca\/#\/schema\/logo\/image\/","url":"https:\/\/trasladocaravanas.com\/wp-content\/uploads\/2020\/07\/logo-petit.jpg","contentUrl":"https:\/\/trasladocaravanas.com\/wp-content\/uploads\/2020\/07\/logo-petit.jpg","width":32,"height":32,"caption":"Traslado Caravanas"},"image":{"@id":"https:\/\/trasladocaravanas.com\/ca\/#\/schema\/logo\/image\/"},"sameAs":["https:\/\/www.facebook.com\/trasladocaravanas\/"]}]}},"_links":{"self":[{"href":"https:\/\/trasladocaravanas.com\/ca\/wp-json\/wp\/v2\/pages\/470"}],"collection":[{"href":"https:\/\/trasladocaravanas.com\/ca\/wp-json\/wp\/v2\/pages"}],"about":[{"href":"https:\/\/trasladocaravanas.com\/ca\/wp-json\/wp\/v2\/types\/page"}],"author":[{"embeddable":true,"href":"https:\/\/trasladocaravanas.com\/ca\/wp-json\/wp\/v2\/users\/1"}],"replies":[{"embeddable":true,"href":"https:\/\/trasladocaravanas.com\/ca\/wp-json\/wp\/v2\/comments?post=470"}],"version-history":[{"count":68,"href":"https:\/\/trasladocaravanas.com\/ca\/wp-json\/wp\/v2\/pages\/470\/revisions"}],"predecessor-version":[{"id":1074,"href":"https:\/\/trasladocaravanas.com\/ca\/wp-json\/wp\/v2\/pages\/470\/revisions\/1074"}],"wp:attachment":[{"href":"https:\/\/trasladocaravanas.com\/ca\/wp-json\/wp\/v2\/media?parent=470"}],"curies":[{"name":"wp","href":"https:\/\/api.w.org\/{rel}","templated":true}]}}