{"id":523,"date":"2020-10-02T11:38:03","date_gmt":"2020-10-02T09:38:03","guid":{"rendered":"https:\/\/trasladocaravanas.com\/horari\/"},"modified":"2020-11-06T18:28:30","modified_gmt":"2020-11-06T17:28:30","slug":"trasllat-24h","status":"publish","type":"page","link":"https:\/\/trasladocaravanas.com\/ca\/trasllat-24h\/","title":{"rendered":"Horari"},"content":{"rendered":"\t\t<div data-elementor-type=\"wp-page\" data-elementor-id=\"523\" class=\"elementor elementor-523 elementor-60\">\n\t\t\t\t\t\t<section class=\"elementor-section elementor-top-section elementor-element elementor-element-562e872 elementor-section-boxed elementor-section-height-default elementor-section-height-default\" data-id=\"562e872\" data-element_type=\"section\">\n\t\t\t\t\t\t<div class=\"elementor-container elementor-column-gap-default\">\n\t\t\t\t\t<div class=\"elementor-column elementor-col-100 elementor-top-column elementor-element elementor-element-d482ea6\" data-id=\"d482ea6\" data-element_type=\"column\">\n\t\t\t<div class=\"elementor-widget-wrap elementor-element-populated\">\n\t\t\t\t\t\t<div class=\"elementor-element elementor-element-b412456 elementor-widget elementor-widget-heading\" data-id=\"b412456\" data-element_type=\"widget\" data-widget_type=\"heading.default\">\n\t\t\t\t<div class=\"elementor-widget-container\">\n\t\t\t<h1 class=\"elementor-heading-title elementor-size-default\">Servei traslladar 24h.\u2714<\/h1>\t\t<\/div>\n\t\t\t\t<\/div>\n\t\t\t\t\t<\/div>\n\t\t<\/div>\n\t\t\t\t\t<\/div>\n\t\t<\/section>\n\t\t\t\t<section class=\"elementor-section elementor-top-section elementor-element elementor-element-6134cf6d elementor-section-boxed elementor-section-height-default elementor-section-height-default\" data-id=\"6134cf6d\" data-element_type=\"section\">\n\t\t\t\t\t\t<div class=\"elementor-container elementor-column-gap-default\">\n\t\t\t\t\t<div class=\"elementor-column elementor-col-100 elementor-top-column elementor-element elementor-element-6b768b75\" data-id=\"6b768b75\" data-element_type=\"column\">\n\t\t\t<div class=\"elementor-widget-wrap elementor-element-populated\">\n\t\t\t\t\t\t<div class=\"elementor-element elementor-element-88321ca elementor-widget elementor-widget-text-editor\" data-id=\"88321ca\" data-element_type=\"widget\" data-widget_type=\"text-editor.default\">\n\t\t\t\t<div class=\"elementor-widget-container\">\n\t\t\t\t\t\t\t<p>TRASLLAT DE CARAVANES est\u00e0 al seu servei de trasllats les 24 h.<\/p>\n<p>Ens pots trucar en horari d&#8217;oficina, els 365 dies de l&#8217;any a la seva disposici\u00f3.<\/p>\n<p>Horari de trasllats, 24 h els 365 dies de l&#8217;any, ens adaptem a l&#8217;horari, per a la major comoditat dels nostres clients.<\/p>\n<p>Un servei de trasllat de caravanes i remolcs amb la m\u00e0xima puntualitat.<\/p>\n<p>Podr\u00e0 trucar-nos al Tel. 630.821.652.<\/p>\n<p>Amb el nostre formulari de contacte, tamb\u00e9 l&#8217;atendrem per a qualsevol informaci\u00f3.<\/p>\n<div class=\"wp-block-image\">\n<figure class=\"aligncenter size-large is-resized\"><a href=\"https:\/\/trasladocaravanas.com\/ca\/\"><img fetchpriority=\"high\" class=\"wp-image-620\" title=\"servicio 24 horas\" src=\"https:\/\/trasladocaravanas.com\/wp-content\/uploads\/2020\/11\/Logo24h.jpg\" alt=\"servicio 24 horas\" width=\"445\" height=\"171\" srcset=\"https:\/\/trasladocaravanas.com\/wp-content\/uploads\/2020\/11\/Logo24h.jpg 880w, https:\/\/trasladocaravanas.com\/wp-content\/uploads\/2020\/11\/Logo24h-300x116.jpg 300w, https:\/\/trasladocaravanas.com\/wp-content\/uploads\/2020\/11\/Logo24h-768x296.jpg 768w\" sizes=\"(max-width: 445px) 100vw, 445px\" \/><\/a><\/figure>\n<\/div>\n\t\t\t\t\t\t<\/div>\n\t\t\t\t<\/div>\n\t\t\t\t\t<\/div>\n\t\t<\/div>\n\t\t\t\t\t<\/div>\n\t\t<\/section>\n\t\t\t\t<\/div>\n\t\t","protected":false},"excerpt":{"rendered":"<p>Servei traslladar 24h.\u2714 TRASLLAT DE CARAVANES est\u00e0 al seu servei de trasllats les 24 h. Ens pots trucar en horari d&#8217;oficina, els 365 dies de l&#8217;any a la seva disposici\u00f3. Horari de trasllats, 24 h els 365 dies de l&#8217;any, ens adaptem a l&#8217;horari, per a la major comoditat dels nostres clients. Un servei de &#8230; <a title=\"Horari\" class=\"read-more\" href=\"https:\/\/trasladocaravanas.com\/ca\/trasllat-24h\/\" aria-label=\"M\u00e9s sobre Horari\">Llegiu m\u00e9s<\/a><\/p>\n","protected":false},"author":1,"featured_media":0,"parent":0,"menu_order":0,"comment_status":"closed","ping_status":"closed","template":"","meta":[],"yoast_head":"<!-- This site is optimized with the Yoast SEO plugin v20.6 - https:\/\/yoast.com\/wordpress\/plugins\/seo\/ -->\n<title>Horari - Traslado de caravanas - Servicio las 24 h.<\/title>\n<meta name=\"description\" content=\"TRASLLAT DE CARAVANES est\u00e0 al seu servei les 24 hores els 365 dies de l&#039;any a la seva disposici\u00f3. Pressupost sense comprom\u00eds al 630821652 \u260e \/ WhatsApp.\" \/>\n<meta name=\"robots\" content=\"index, follow, max-snippet:-1, max-image-preview:large, max-video-preview:-1\" \/>\n<link rel=\"canonical\" href=\"https:\/\/trasladocaravanas.com\/ca\/trasllat-24h\/\" \/>\n<meta property=\"og:locale\" content=\"ca_ES\" \/>\n<meta property=\"og:type\" content=\"article\" \/>\n<meta property=\"og:title\" content=\"Horari - Traslado de caravanas - Servicio las 24 h.\" \/>\n<meta property=\"og:description\" content=\"TRASLLAT DE CARAVANES est\u00e0 al seu servei les 24 hores els 365 dies de l&#039;any a la seva disposici\u00f3. Pressupost sense comprom\u00eds al 630821652 \u260e \/ WhatsApp.\" \/>\n<meta property=\"og:url\" content=\"https:\/\/trasladocaravanas.com\/ca\/trasllat-24h\/\" \/>\n<meta property=\"og:site_name\" content=\"Traslado de caravanas\" \/>\n<meta property=\"article:publisher\" content=\"https:\/\/www.facebook.com\/trasladocaravanas\/\" \/>\n<meta property=\"article:modified_time\" content=\"2020-11-06T17:28:30+00:00\" \/>\n<meta property=\"og:image\" content=\"https:\/\/trasladocaravanas.com\/wp-content\/uploads\/2020\/11\/Logo24h.jpg\" \/>\n<script type=\"application\/ld+json\" class=\"yoast-schema-graph\">{\"@context\":\"https:\/\/schema.org\",\"@graph\":[{\"@type\":\"WebPage\",\"@id\":\"https:\/\/trasladocaravanas.com\/ca\/trasllat-24h\/\",\"url\":\"https:\/\/trasladocaravanas.com\/ca\/trasllat-24h\/\",\"name\":\"Horari - Traslado de caravanas - Servicio las 24 h.\",\"isPartOf\":{\"@id\":\"https:\/\/trasladocaravanas.com\/ca\/#website\"},\"datePublished\":\"2020-10-02T09:38:03+00:00\",\"dateModified\":\"2020-11-06T17:28:30+00:00\",\"description\":\"TRASLLAT DE CARAVANES est\u00e0 al seu servei les 24 hores els 365 dies de l'any a la seva disposici\u00f3. Pressupost sense comprom\u00eds al 630821652 \u260e \/ WhatsApp.\",\"breadcrumb\":{\"@id\":\"https:\/\/trasladocaravanas.com\/ca\/trasllat-24h\/#breadcrumb\"},\"inLanguage\":\"ca\",\"potentialAction\":[{\"@type\":\"ReadAction\",\"target\":[\"https:\/\/trasladocaravanas.com\/ca\/trasllat-24h\/\"]}]},{\"@type\":\"BreadcrumbList\",\"@id\":\"https:\/\/trasladocaravanas.com\/ca\/trasllat-24h\/#breadcrumb\",\"itemListElement\":[{\"@type\":\"ListItem\",\"position\":1,\"name\":\"Portada\",\"item\":\"https:\/\/trasladocaravanas.com\/ca\/inicio\/\"},{\"@type\":\"ListItem\",\"position\":2,\"name\":\"Horari\"}]},{\"@type\":\"WebSite\",\"@id\":\"https:\/\/trasladocaravanas.com\/ca\/#website\",\"url\":\"https:\/\/trasladocaravanas.com\/ca\/\",\"name\":\"Traslado de caravanas\",\"description\":\"Trasladamos Caravanas y Remolques\",\"publisher\":{\"@id\":\"https:\/\/trasladocaravanas.com\/ca\/#organization\"},\"potentialAction\":[{\"@type\":\"SearchAction\",\"target\":{\"@type\":\"EntryPoint\",\"urlTemplate\":\"https:\/\/trasladocaravanas.com\/ca\/?s={search_term_string}\"},\"query-input\":\"required name=search_term_string\"}],\"inLanguage\":\"ca\"},{\"@type\":\"Organization\",\"@id\":\"https:\/\/trasladocaravanas.com\/ca\/#organization\",\"name\":\"Traslado Caravanas\",\"url\":\"https:\/\/trasladocaravanas.com\/ca\/\",\"logo\":{\"@type\":\"ImageObject\",\"inLanguage\":\"ca\",\"@id\":\"https:\/\/trasladocaravanas.com\/ca\/#\/schema\/logo\/image\/\",\"url\":\"https:\/\/trasladocaravanas.com\/wp-content\/uploads\/2020\/07\/logo-petit.jpg\",\"contentUrl\":\"https:\/\/trasladocaravanas.com\/wp-content\/uploads\/2020\/07\/logo-petit.jpg\",\"width\":32,\"height\":32,\"caption\":\"Traslado Caravanas\"},\"image\":{\"@id\":\"https:\/\/trasladocaravanas.com\/ca\/#\/schema\/logo\/image\/\"},\"sameAs\":[\"https:\/\/www.facebook.com\/trasladocaravanas\/\"]}]}<\/script>\n<!-- \/ Yoast SEO plugin. -->","yoast_head_json":{"title":"Horari - Traslado de caravanas - Servicio las 24 h.","description":"TRASLLAT DE CARAVANES est\u00e0 al seu servei les 24 hores els 365 dies de l'any a la seva disposici\u00f3. Pressupost sense comprom\u00eds al 630821652 \u260e \/ WhatsApp.","robots":{"index":"index","follow":"follow","max-snippet":"max-snippet:-1","max-image-preview":"max-image-preview:large","max-video-preview":"max-video-preview:-1"},"canonical":"https:\/\/trasladocaravanas.com\/ca\/trasllat-24h\/","og_locale":"ca_ES","og_type":"article","og_title":"Horari - Traslado de caravanas - Servicio las 24 h.","og_description":"TRASLLAT DE CARAVANES est\u00e0 al seu servei les 24 hores els 365 dies de l'any a la seva disposici\u00f3. Pressupost sense comprom\u00eds al 630821652 \u260e \/ WhatsApp.","og_url":"https:\/\/trasladocaravanas.com\/ca\/trasllat-24h\/","og_site_name":"Traslado de caravanas","article_publisher":"https:\/\/www.facebook.com\/trasladocaravanas\/","article_modified_time":"2020-11-06T17:28:30+00:00","og_image":[{"url":"https:\/\/trasladocaravanas.com\/wp-content\/uploads\/2020\/11\/Logo24h.jpg"}],"schema":{"@context":"https:\/\/schema.org","@graph":[{"@type":"WebPage","@id":"https:\/\/trasladocaravanas.com\/ca\/trasllat-24h\/","url":"https:\/\/trasladocaravanas.com\/ca\/trasllat-24h\/","name":"Horari - Traslado de caravanas - Servicio las 24 h.","isPartOf":{"@id":"https:\/\/trasladocaravanas.com\/ca\/#website"},"datePublished":"2020-10-02T09:38:03+00:00","dateModified":"2020-11-06T17:28:30+00:00","description":"TRASLLAT DE CARAVANES est\u00e0 al seu servei les 24 hores els 365 dies de l'any a la seva disposici\u00f3. Pressupost sense comprom\u00eds al 630821652 \u260e \/ WhatsApp.","breadcrumb":{"@id":"https:\/\/trasladocaravanas.com\/ca\/trasllat-24h\/#breadcrumb"},"inLanguage":"ca","potentialAction":[{"@type":"ReadAction","target":["https:\/\/trasladocaravanas.com\/ca\/trasllat-24h\/"]}]},{"@type":"BreadcrumbList","@id":"https:\/\/trasladocaravanas.com\/ca\/trasllat-24h\/#breadcrumb","itemListElement":[{"@type":"ListItem","position":1,"name":"Portada","item":"https:\/\/trasladocaravanas.com\/ca\/inicio\/"},{"@type":"ListItem","position":2,"name":"Horari"}]},{"@type":"WebSite","@id":"https:\/\/trasladocaravanas.com\/ca\/#website","url":"https:\/\/trasladocaravanas.com\/ca\/","name":"Traslado de caravanas","description":"Trasladamos Caravanas y Remolques","publisher":{"@id":"https:\/\/trasladocaravanas.com\/ca\/#organization"},"potentialAction":[{"@type":"SearchAction","target":{"@type":"EntryPoint","urlTemplate":"https:\/\/trasladocaravanas.com\/ca\/?s={search_term_string}"},"query-input":"required name=search_term_string"}],"inLanguage":"ca"},{"@type":"Organization","@id":"https:\/\/trasladocaravanas.com\/ca\/#organization","name":"Traslado Caravanas","url":"https:\/\/trasladocaravanas.com\/ca\/","logo":{"@type":"ImageObject","inLanguage":"ca","@id":"https:\/\/trasladocaravanas.com\/ca\/#\/schema\/logo\/image\/","url":"https:\/\/trasladocaravanas.com\/wp-content\/uploads\/2020\/07\/logo-petit.jpg","contentUrl":"https:\/\/trasladocaravanas.com\/wp-content\/uploads\/2020\/07\/logo-petit.jpg","width":32,"height":32,"caption":"Traslado Caravanas"},"image":{"@id":"https:\/\/trasladocaravanas.com\/ca\/#\/schema\/logo\/image\/"},"sameAs":["https:\/\/www.facebook.com\/trasladocaravanas\/"]}]}},"_links":{"self":[{"href":"https:\/\/trasladocaravanas.com\/ca\/wp-json\/wp\/v2\/pages\/523"}],"collection":[{"href":"https:\/\/trasladocaravanas.com\/ca\/wp-json\/wp\/v2\/pages"}],"about":[{"href":"https:\/\/trasladocaravanas.com\/ca\/wp-json\/wp\/v2\/types\/page"}],"author":[{"embeddable":true,"href":"https:\/\/trasladocaravanas.com\/ca\/wp-json\/wp\/v2\/users\/1"}],"replies":[{"embeddable":true,"href":"https:\/\/trasladocaravanas.com\/ca\/wp-json\/wp\/v2\/comments?post=523"}],"version-history":[{"count":10,"href":"https:\/\/trasladocaravanas.com\/ca\/wp-json\/wp\/v2\/pages\/523\/revisions"}],"predecessor-version":[{"id":653,"href":"https:\/\/trasladocaravanas.com\/ca\/wp-json\/wp\/v2\/pages\/523\/revisions\/653"}],"wp:attachment":[{"href":"https:\/\/trasladocaravanas.com\/ca\/wp-json\/wp\/v2\/media?parent=523"}],"curies":[{"name":"wp","href":"https:\/\/api.w.org\/{rel}","templated":true}]}}