{"id":528,"date":"2020-10-18T16:38:59","date_gmt":"2020-10-18T14:38:59","guid":{"rendered":"https:\/\/trasladocaravanas.com\/qui-som\/"},"modified":"2020-11-02T11:53:05","modified_gmt":"2020-11-02T10:53:05","slug":"qui-som","status":"publish","type":"page","link":"https:\/\/trasladocaravanas.com\/ca\/qui-som\/","title":{"rendered":"Qui som."},"content":{"rendered":"\n<p>Trasllat de Caravanes \u00e9s una empresa amb personalitat moderna i din\u00e0mica amb una clara convicci\u00f3 de comprom\u00eds donant als nostres clients un servei seri\u00f3s i discret. L&#8217;experi\u00e8ncia en trasllats de caravanes que hem adquirit al llarg dels anys justament amb la motivaci\u00f3 permanent per oferir als nostres clients un servei de m\u00e0xima qualitat que ens fa destacar en el sector i repercuteix de forma molt positiva en el compliment dels nostres objectius.<\/p>\n\n<p>Confi\u00ef a TRASLLATS DE CARAVANES totes les seves necessitats de transports o mudances.<\/p>\n\n<p>Planifiquem per vost\u00e8, li assessorem amb professionalitat i treballem per satisfer els seus desitjos. Nom\u00e9s estarem satisfets quan vost\u00e8 tamb\u00e9 estigui satisfet. Li dedicarem a el trasllat de la seva caravana tot el temps que sigui necessari.<\/p>\n\n<p>Li oferim la m\u00e0xima qualitat en serveis, amb preus assequibles que pressupostem conjuntament amb vost\u00e8 per a evitar-li sorpreses desagradables.<\/p>\n\n<p>Empresa dedicada a l&#8217;transport particular de persones, amb la nostra flota de Taxis de fins a 8 places, amb la m\u00e0xima comoditat i seguretat.<\/p>\n<iframe src=\"\/\/www.facebook.com\/plugins\/page.php?href=https%3A%2F%2Fwww.facebook.com%2Ftrasladocaravanas%2F&#038;tabs=timeline%2Cevents%2C&#038;width=740&#038;height=500&#038;small_header=true&#038;adapt_container_width=true&#038;hide_cover=false&#038;show_facepile=true&#038;appId=457167055184192\" width=\"740\" height=\"500\" style=\"border:none;overflow:hidden\" scrolling=\"no\" frameborder=\"0\" allowtransparency=\"true\" allow=\"encrypted-media\"><\/iframe>\r\n\n<p><\/p>\n","protected":false},"excerpt":{"rendered":"<p>Trasllat de Caravanes \u00e9s una empresa amb personalitat moderna i din\u00e0mica amb una clara convicci\u00f3 de comprom\u00eds donant als nostres clients un servei seri\u00f3s i discret. L&#8217;experi\u00e8ncia en trasllats de caravanes que hem adquirit al llarg dels anys justament amb la motivaci\u00f3 permanent per oferir als nostres clients un servei de m\u00e0xima qualitat que ens &#8230; <a title=\"Qui som.\" class=\"read-more\" href=\"https:\/\/trasladocaravanas.com\/ca\/qui-som\/\" aria-label=\"M\u00e9s sobre Qui som.\">Llegiu m\u00e9s<\/a><\/p>\n","protected":false},"author":1,"featured_media":0,"parent":0,"menu_order":0,"comment_status":"closed","ping_status":"closed","template":"","meta":[],"yoast_head":"<!-- This site is optimized with the Yoast SEO plugin v20.6 - https:\/\/yoast.com\/wordpress\/plugins\/seo\/ -->\n<title>Qui som - Trasladocaravanas.com - a Catalunya.<\/title>\n<meta name=\"description\" content=\"Qui som - www.Trasladocaravanas.com - Petita empresa a Catalunya dedicada al transport per a particulars o empreses.\" \/>\n<meta name=\"robots\" content=\"index, follow, max-snippet:-1, max-image-preview:large, max-video-preview:-1\" \/>\n<link rel=\"canonical\" href=\"https:\/\/trasladocaravanas.com\/ca\/qui-som\/\" \/>\n<meta property=\"og:locale\" content=\"ca_ES\" \/>\n<meta property=\"og:type\" content=\"article\" \/>\n<meta property=\"og:title\" content=\"Qui som - Trasladocaravanas.com - a Catalunya.\" \/>\n<meta property=\"og:description\" content=\"Qui som - www.Trasladocaravanas.com - Petita empresa a Catalunya dedicada al transport per a particulars o empreses.\" \/>\n<meta property=\"og:url\" content=\"https:\/\/trasladocaravanas.com\/ca\/qui-som\/\" \/>\n<meta property=\"og:site_name\" content=\"Traslado de caravanas\" \/>\n<meta property=\"article:publisher\" content=\"https:\/\/www.facebook.com\/trasladocaravanas\/\" \/>\n<meta property=\"article:modified_time\" content=\"2020-11-02T10:53:05+00:00\" \/>\n<meta name=\"twitter:label1\" content=\"Temps estimat de lectura\" \/>\n\t<meta name=\"twitter:data1\" content=\"1 minut\" \/>\n<script type=\"application\/ld+json\" class=\"yoast-schema-graph\">{\"@context\":\"https:\/\/schema.org\",\"@graph\":[{\"@type\":\"WebPage\",\"@id\":\"https:\/\/trasladocaravanas.com\/ca\/qui-som\/\",\"url\":\"https:\/\/trasladocaravanas.com\/ca\/qui-som\/\",\"name\":\"Qui som - Trasladocaravanas.com - a Catalunya.\",\"isPartOf\":{\"@id\":\"https:\/\/trasladocaravanas.com\/ca\/#website\"},\"datePublished\":\"2020-10-18T14:38:59+00:00\",\"dateModified\":\"2020-11-02T10:53:05+00:00\",\"description\":\"Qui som - www.Trasladocaravanas.com - Petita empresa a Catalunya dedicada al transport per a particulars o empreses.\",\"breadcrumb\":{\"@id\":\"https:\/\/trasladocaravanas.com\/ca\/qui-som\/#breadcrumb\"},\"inLanguage\":\"ca\",\"potentialAction\":[{\"@type\":\"ReadAction\",\"target\":[\"https:\/\/trasladocaravanas.com\/ca\/qui-som\/\"]}]},{\"@type\":\"BreadcrumbList\",\"@id\":\"https:\/\/trasladocaravanas.com\/ca\/qui-som\/#breadcrumb\",\"itemListElement\":[{\"@type\":\"ListItem\",\"position\":1,\"name\":\"Portada\",\"item\":\"https:\/\/trasladocaravanas.com\/ca\/inicio\/\"},{\"@type\":\"ListItem\",\"position\":2,\"name\":\"Qui som.\"}]},{\"@type\":\"WebSite\",\"@id\":\"https:\/\/trasladocaravanas.com\/ca\/#website\",\"url\":\"https:\/\/trasladocaravanas.com\/ca\/\",\"name\":\"Traslado de caravanas\",\"description\":\"Trasladamos Caravanas y Remolques\",\"publisher\":{\"@id\":\"https:\/\/trasladocaravanas.com\/ca\/#organization\"},\"potentialAction\":[{\"@type\":\"SearchAction\",\"target\":{\"@type\":\"EntryPoint\",\"urlTemplate\":\"https:\/\/trasladocaravanas.com\/ca\/?s={search_term_string}\"},\"query-input\":\"required name=search_term_string\"}],\"inLanguage\":\"ca\"},{\"@type\":\"Organization\",\"@id\":\"https:\/\/trasladocaravanas.com\/ca\/#organization\",\"name\":\"Traslado Caravanas\",\"url\":\"https:\/\/trasladocaravanas.com\/ca\/\",\"logo\":{\"@type\":\"ImageObject\",\"inLanguage\":\"ca\",\"@id\":\"https:\/\/trasladocaravanas.com\/ca\/#\/schema\/logo\/image\/\",\"url\":\"https:\/\/trasladocaravanas.com\/wp-content\/uploads\/2020\/07\/logo-petit.jpg\",\"contentUrl\":\"https:\/\/trasladocaravanas.com\/wp-content\/uploads\/2020\/07\/logo-petit.jpg\",\"width\":32,\"height\":32,\"caption\":\"Traslado Caravanas\"},\"image\":{\"@id\":\"https:\/\/trasladocaravanas.com\/ca\/#\/schema\/logo\/image\/\"},\"sameAs\":[\"https:\/\/www.facebook.com\/trasladocaravanas\/\"]}]}<\/script>\n<!-- \/ Yoast SEO plugin. -->","yoast_head_json":{"title":"Qui som - Trasladocaravanas.com - a Catalunya.","description":"Qui som - www.Trasladocaravanas.com - Petita empresa a Catalunya dedicada al transport per a particulars o empreses.","robots":{"index":"index","follow":"follow","max-snippet":"max-snippet:-1","max-image-preview":"max-image-preview:large","max-video-preview":"max-video-preview:-1"},"canonical":"https:\/\/trasladocaravanas.com\/ca\/qui-som\/","og_locale":"ca_ES","og_type":"article","og_title":"Qui som - Trasladocaravanas.com - a Catalunya.","og_description":"Qui som - www.Trasladocaravanas.com - Petita empresa a Catalunya dedicada al transport per a particulars o empreses.","og_url":"https:\/\/trasladocaravanas.com\/ca\/qui-som\/","og_site_name":"Traslado de caravanas","article_publisher":"https:\/\/www.facebook.com\/trasladocaravanas\/","article_modified_time":"2020-11-02T10:53:05+00:00","twitter_misc":{"Temps estimat de lectura":"1 minut"},"schema":{"@context":"https:\/\/schema.org","@graph":[{"@type":"WebPage","@id":"https:\/\/trasladocaravanas.com\/ca\/qui-som\/","url":"https:\/\/trasladocaravanas.com\/ca\/qui-som\/","name":"Qui som - Trasladocaravanas.com - a Catalunya.","isPartOf":{"@id":"https:\/\/trasladocaravanas.com\/ca\/#website"},"datePublished":"2020-10-18T14:38:59+00:00","dateModified":"2020-11-02T10:53:05+00:00","description":"Qui som - www.Trasladocaravanas.com - Petita empresa a Catalunya dedicada al transport per a particulars o empreses.","breadcrumb":{"@id":"https:\/\/trasladocaravanas.com\/ca\/qui-som\/#breadcrumb"},"inLanguage":"ca","potentialAction":[{"@type":"ReadAction","target":["https:\/\/trasladocaravanas.com\/ca\/qui-som\/"]}]},{"@type":"BreadcrumbList","@id":"https:\/\/trasladocaravanas.com\/ca\/qui-som\/#breadcrumb","itemListElement":[{"@type":"ListItem","position":1,"name":"Portada","item":"https:\/\/trasladocaravanas.com\/ca\/inicio\/"},{"@type":"ListItem","position":2,"name":"Qui som."}]},{"@type":"WebSite","@id":"https:\/\/trasladocaravanas.com\/ca\/#website","url":"https:\/\/trasladocaravanas.com\/ca\/","name":"Traslado de caravanas","description":"Trasladamos Caravanas y Remolques","publisher":{"@id":"https:\/\/trasladocaravanas.com\/ca\/#organization"},"potentialAction":[{"@type":"SearchAction","target":{"@type":"EntryPoint","urlTemplate":"https:\/\/trasladocaravanas.com\/ca\/?s={search_term_string}"},"query-input":"required name=search_term_string"}],"inLanguage":"ca"},{"@type":"Organization","@id":"https:\/\/trasladocaravanas.com\/ca\/#organization","name":"Traslado Caravanas","url":"https:\/\/trasladocaravanas.com\/ca\/","logo":{"@type":"ImageObject","inLanguage":"ca","@id":"https:\/\/trasladocaravanas.com\/ca\/#\/schema\/logo\/image\/","url":"https:\/\/trasladocaravanas.com\/wp-content\/uploads\/2020\/07\/logo-petit.jpg","contentUrl":"https:\/\/trasladocaravanas.com\/wp-content\/uploads\/2020\/07\/logo-petit.jpg","width":32,"height":32,"caption":"Traslado Caravanas"},"image":{"@id":"https:\/\/trasladocaravanas.com\/ca\/#\/schema\/logo\/image\/"},"sameAs":["https:\/\/www.facebook.com\/trasladocaravanas\/"]}]}},"_links":{"self":[{"href":"https:\/\/trasladocaravanas.com\/ca\/wp-json\/wp\/v2\/pages\/528"}],"collection":[{"href":"https:\/\/trasladocaravanas.com\/ca\/wp-json\/wp\/v2\/pages"}],"about":[{"href":"https:\/\/trasladocaravanas.com\/ca\/wp-json\/wp\/v2\/types\/page"}],"author":[{"embeddable":true,"href":"https:\/\/trasladocaravanas.com\/ca\/wp-json\/wp\/v2\/users\/1"}],"replies":[{"embeddable":true,"href":"https:\/\/trasladocaravanas.com\/ca\/wp-json\/wp\/v2\/comments?post=528"}],"version-history":[{"count":3,"href":"https:\/\/trasladocaravanas.com\/ca\/wp-json\/wp\/v2\/pages\/528\/revisions"}],"predecessor-version":[{"id":603,"href":"https:\/\/trasladocaravanas.com\/ca\/wp-json\/wp\/v2\/pages\/528\/revisions\/603"}],"wp:attachment":[{"href":"https:\/\/trasladocaravanas.com\/ca\/wp-json\/wp\/v2\/media?parent=528"}],"curies":[{"name":"wp","href":"https:\/\/api.w.org\/{rel}","templated":true}]}}