{"id":608,"date":"2020-11-03T11:00:46","date_gmt":"2020-11-03T10:00:46","guid":{"rendered":"https:\/\/trasladocaravanas.com\/on-vols-anar\/"},"modified":"2021-02-16T13:35:46","modified_gmt":"2021-02-16T12:35:46","slug":"on-vols-anar","status":"publish","type":"page","link":"https:\/\/trasladocaravanas.com\/ca\/on-vols-anar\/","title":{"rendered":"On vols anar."},"content":{"rendered":"\t\t<div data-elementor-type=\"wp-page\" data-elementor-id=\"608\" class=\"elementor elementor-608 elementor-117\">\n\t\t\t\t\t\t<section class=\"elementor-section elementor-top-section elementor-element elementor-element-f249492 elementor-section-boxed elementor-section-height-default elementor-section-height-default\" data-id=\"f249492\" data-element_type=\"section\">\n\t\t\t\t\t\t<div class=\"elementor-container elementor-column-gap-default\">\n\t\t\t\t\t<div class=\"elementor-column elementor-col-100 elementor-top-column elementor-element elementor-element-670b0b1\" data-id=\"670b0b1\" data-element_type=\"column\">\n\t\t\t<div class=\"elementor-widget-wrap elementor-element-populated\">\n\t\t\t\t\t\t<div class=\"elementor-element elementor-element-895d7e3 elementor-widget elementor-widget-heading\" data-id=\"895d7e3\" data-element_type=\"widget\" data-widget_type=\"heading.default\">\n\t\t\t\t<div class=\"elementor-widget-container\">\n\t\t\t<h1 class=\"elementor-heading-title elementor-size-default\">On vols anar.<\/h1>\t\t<\/div>\n\t\t\t\t<\/div>\n\t\t\t\t\t<\/div>\n\t\t<\/div>\n\t\t\t\t\t<\/div>\n\t\t<\/section>\n\t\t\t\t<section class=\"elementor-section elementor-top-section elementor-element elementor-element-db627ac elementor-section-full_width elementor-section-height-default elementor-section-height-default\" data-id=\"db627ac\" data-element_type=\"section\">\n\t\t\t\t\t\t<div class=\"elementor-container elementor-column-gap-default\">\n\t\t\t\t\t<div class=\"elementor-column elementor-col-100 elementor-top-column elementor-element elementor-element-453ee80\" data-id=\"453ee80\" data-element_type=\"column\">\n\t\t\t<div class=\"elementor-widget-wrap elementor-element-populated\">\n\t\t\t\t\t\t<div class=\"elementor-element elementor-element-7576cd5 elementor-widget elementor-widget-text-editor\" data-id=\"7576cd5\" data-element_type=\"widget\" data-widget_type=\"text-editor.default\">\n\t\t\t\t<div class=\"elementor-widget-container\">\n\t\t\t\t\t\t\t<p style=\"text-align: center;\">Tu decideixes on vols anar, o la destinaci\u00f3 del servei del trasllat. La nostra experi\u00e8ncia optimitza el treball per a la total comoditat de client.<\/p>\n\t\t\t\t\t\t<\/div>\n\t\t\t\t<\/div>\n\t\t\t\t<div class=\"elementor-element elementor-element-7471c41 elementor-widget elementor-widget-text-editor\" data-id=\"7471c41\" data-element_type=\"widget\" data-widget_type=\"text-editor.default\">\n\t\t\t\t<div class=\"elementor-widget-container\">\n\t\t\t\t\t\t\t<p>Cap a on \u00e9s possible realitzar el trasllat de caravanes?<br \/>Si et trobes pensant en mudar la teva caravana a Tarragona, no et preocupis, amb el nostre servei de trasllat de caravanes qualsevol destinaci\u00f3 \u00e9s possible.<\/p>\n<p>Ja sigui que es tracti de moure una caravana entre c\u00e0mpings, cap a una altra municipalitat o que sigui necessari traslladar-la m\u00e9s enll\u00e0 de les nostres fronteres, sempre que hi hagi una ruta transitable per on puguem despla\u00e7ar-nos, \u00a1arribarem finalment a dest\u00ed.!<\/p>\n<p>\u00c9s molt important considerar que el moviment de les caravanes, requereix de documentaci\u00f3 especial quan es tracta de caravanes a Catalunya o una altra localitat.<\/p>\n<p>Per\u00f2 no et preocupis, ja que som especialistes en realitzar trasllats de caravanes a Barcelona, Tarragona i Catalunya.<\/p>\n<p>No ho dubtis m\u00e9s i contracta ara el nostre servei de trasllat de caravanes o remolcs.<\/p>\n\t\t\t\t\t\t<\/div>\n\t\t\t\t<\/div>\n\t\t\t\t<div class=\"elementor-element elementor-element-6f07f5e elementor-widget elementor-widget-image\" data-id=\"6f07f5e\" data-element_type=\"widget\" data-widget_type=\"image.default\">\n\t\t\t\t<div class=\"elementor-widget-container\">\n\t\t\t\t\t\t\t\t\t\t\t\t\t<img fetchpriority=\"high\" width=\"1024\" height=\"725\" src=\"https:\/\/trasladocaravanas.com\/wp-content\/uploads\/2020\/08\/Mapa-de-Espana-1024x725.jpg\" class=\"attachment-large size-large wp-image-259\" alt=\"Mapa de Espa\u00f1a\" srcset=\"https:\/\/trasladocaravanas.com\/wp-content\/uploads\/2020\/08\/Mapa-de-Espana-1024x725.jpg 1024w, https:\/\/trasladocaravanas.com\/wp-content\/uploads\/2020\/08\/Mapa-de-Espana-300x213.jpg 300w, https:\/\/trasladocaravanas.com\/wp-content\/uploads\/2020\/08\/Mapa-de-Espana-768x544.jpg 768w, https:\/\/trasladocaravanas.com\/wp-content\/uploads\/2020\/08\/Mapa-de-Espana.jpg 1063w\" sizes=\"(max-width: 1024px) 100vw, 1024px\" \/>\t\t\t\t\t\t\t\t\t\t\t\t\t<\/div>\n\t\t\t\t<\/div>\n\t\t\t\t\t<\/div>\n\t\t<\/div>\n\t\t\t\t\t<\/div>\n\t\t<\/section>\n\t\t\t\t<section class=\"elementor-section elementor-top-section elementor-element elementor-element-50b4419 elementor-section-boxed elementor-section-height-default elementor-section-height-default\" data-id=\"50b4419\" data-element_type=\"section\">\n\t\t\t\t\t\t<div class=\"elementor-container elementor-column-gap-default\">\n\t\t\t\t\t<div class=\"elementor-column elementor-col-100 elementor-top-column elementor-element elementor-element-d332554\" data-id=\"d332554\" data-element_type=\"column\">\n\t\t\t<div class=\"elementor-widget-wrap elementor-element-populated\">\n\t\t\t\t\t\t<div class=\"elementor-element elementor-element-968ec88 elementor-widget elementor-widget-toggle\" data-id=\"968ec88\" data-element_type=\"widget\" data-widget_type=\"toggle.default\">\n\t\t\t\t<div class=\"elementor-widget-container\">\n\t\t\t\t\t<div class=\"elementor-toggle\">\n\t\t\t\t\t\t\t<div class=\"elementor-toggle-item\">\n\t\t\t\t\t<h3 id=\"elementor-tab-title-1571\" class=\"elementor-tab-title\" data-tab=\"1\" role=\"button\" aria-controls=\"elementor-tab-content-1571\" aria-expanded=\"false\">\n\t\t\t\t\t\t\t\t\t\t\t\t<span class=\"elementor-toggle-icon elementor-toggle-icon-left\" aria-hidden=\"true\">\n\t\t\t\t\t\t\t\t\t\t\t\t\t\t\t<span class=\"elementor-toggle-icon-closed\"><i class=\"fas fa-caret-right\"><\/i><\/span>\n\t\t\t\t\t\t\t\t<span class=\"elementor-toggle-icon-opened\"><i class=\"elementor-toggle-icon-opened fas fa-caret-up\"><\/i><\/span>\n\t\t\t\t\t\t\t\t\t\t\t\t\t<\/span>\n\t\t\t\t\t\t\t\t\t\t\t\t<a class=\"elementor-toggle-title\" tabindex=\"0\">La guia de c\u00e0mpings de Catalunya<\/a>\n\t\t\t\t\t<\/h3>\n\n\t\t\t\t\t<div id=\"elementor-tab-content-1571\" class=\"elementor-tab-content elementor-clearfix\" data-tab=\"1\" role=\"region\" aria-labelledby=\"elementor-tab-title-1571\"><p><a href=\"http:\/\/www.catalunya.com\/donde-dormir\/campings\/la-guia-oficial-de-campings-de-cataluna(imatges:album)?pag1=1\" target=\"_blank\" rel=\"noopener\">\u2192La guia Oficial de Catalunya<\/a><\/p>\n<\/div>\n\t\t\t\t<\/div>\n\t\t\t\t\t\t\t<div class=\"elementor-toggle-item\">\n\t\t\t\t\t<h3 id=\"elementor-tab-title-1572\" class=\"elementor-tab-title\" data-tab=\"2\" role=\"button\" aria-controls=\"elementor-tab-content-1572\" aria-expanded=\"false\">\n\t\t\t\t\t\t\t\t\t\t\t\t<span class=\"elementor-toggle-icon elementor-toggle-icon-left\" aria-hidden=\"true\">\n\t\t\t\t\t\t\t\t\t\t\t\t\t\t\t<span class=\"elementor-toggle-icon-closed\"><i class=\"fas fa-caret-right\"><\/i><\/span>\n\t\t\t\t\t\t\t\t<span class=\"elementor-toggle-icon-opened\"><i class=\"elementor-toggle-icon-opened fas fa-caret-up\"><\/i><\/span>\n\t\t\t\t\t\t\t\t\t\t\t\t\t<\/span>\n\t\t\t\t\t\t\t\t\t\t\t\t<a class=\"elementor-toggle-title\" tabindex=\"0\">Turisme  del Solson\u00e8s<\/a>\n\t\t\t\t\t<\/h3>\n\n\t\t\t\t\t<div id=\"elementor-tab-content-1572\" class=\"elementor-tab-content elementor-clearfix\" data-tab=\"2\" role=\"region\" aria-labelledby=\"elementor-tab-title-1572\"><p><strong><a href=\"http:\/\/elcall.org\" target=\"_blank\" rel=\"noopener\">\u2192El Call d&#8217; Od\u00e8n<\/a><\/strong> , Vine a viura\u00b4l.<img class=\"aligncenter wp-image-160\" title=\"Casa Rural Call d' Od\u00e8n\" src=\"https:\/\/trasladocaravanas.com\/wp-content\/uploads\/2020\/07\/call-1-150x150.jpg\" alt=\"logo el call d\u00b4od\u00e8n\" width=\"134\" height=\"134\" srcset=\"https:\/\/trasladocaravanas.com\/wp-content\/uploads\/2020\/07\/call-1-150x150.jpg 150w, https:\/\/trasladocaravanas.com\/wp-content\/uploads\/2020\/07\/call-1-300x300.jpg 300w, https:\/\/trasladocaravanas.com\/wp-content\/uploads\/2020\/07\/call-1-768x768.jpg 768w, https:\/\/trasladocaravanas.com\/wp-content\/uploads\/2020\/07\/call-1.jpg 878w\" sizes=\"(max-width: 134px) 100vw, 134px\" \/><strong><a href=\"https:\/\/barolius.com\/\" target=\"_blank\" rel=\"noopener\">\u2192Bar Restaurant Olius<\/a><\/strong> , Men\u00fa diari.<\/p>\n<p><img class=\"aligncenter wp-image-262\" src=\"https:\/\/trasladocaravanas.com\/wp-content\/uploads\/2020\/08\/logo2-150x150.jpg\" alt=\"Bar Resturant Olius\" width=\"113\" height=\"113\" \/><\/p>\n<\/div>\n\t\t\t\t<\/div>\n\t\t\t\t\t\t\t<div class=\"elementor-toggle-item\">\n\t\t\t\t\t<h3 id=\"elementor-tab-title-1573\" class=\"elementor-tab-title\" data-tab=\"3\" role=\"button\" aria-controls=\"elementor-tab-content-1573\" aria-expanded=\"false\">\n\t\t\t\t\t\t\t\t\t\t\t\t<span class=\"elementor-toggle-icon elementor-toggle-icon-left\" aria-hidden=\"true\">\n\t\t\t\t\t\t\t\t\t\t\t\t\t\t\t<span class=\"elementor-toggle-icon-closed\"><i class=\"fas fa-caret-right\"><\/i><\/span>\n\t\t\t\t\t\t\t\t<span class=\"elementor-toggle-icon-opened\"><i class=\"elementor-toggle-icon-opened fas fa-caret-up\"><\/i><\/span>\n\t\t\t\t\t\t\t\t\t\t\t\t\t<\/span>\n\t\t\t\t\t\t\t\t\t\t\t\t<a class=\"elementor-toggle-title\" tabindex=\"0\">Empreses i Establiments Tur\u00edstics a Arag\u00f3<\/a>\n\t\t\t\t\t<\/h3>\n\n\t\t\t\t\t<div id=\"elementor-tab-content-1573\" class=\"elementor-tab-content elementor-clearfix\" data-tab=\"3\" role=\"region\" aria-labelledby=\"elementor-tab-title-1573\"><p id=\"readSpeakerOrigin\" class=\"detail-news-module__h1 readSpeakerOrigin\"><a href=\"https:\/\/www.aragon.es\/-\/empresas-y-establecimientos-turisticos\" target=\"_blank\" rel=\"noopener\">\u2192Guia oficial d&#8217;Empreses i Establiments Tur\u00edstics a Arag\u00f3 &#8211; Pdf.<\/a><\/p>\n<\/div>\n\t\t\t\t<\/div>\n\t\t\t\t\t\t\t<div class=\"elementor-toggle-item\">\n\t\t\t\t\t<h3 id=\"elementor-tab-title-1574\" class=\"elementor-tab-title\" data-tab=\"4\" role=\"button\" aria-controls=\"elementor-tab-content-1574\" aria-expanded=\"false\">\n\t\t\t\t\t\t\t\t\t\t\t\t<span class=\"elementor-toggle-icon elementor-toggle-icon-left\" aria-hidden=\"true\">\n\t\t\t\t\t\t\t\t\t\t\t\t\t\t\t<span class=\"elementor-toggle-icon-closed\"><i class=\"fas fa-caret-right\"><\/i><\/span>\n\t\t\t\t\t\t\t\t<span class=\"elementor-toggle-icon-opened\"><i class=\"elementor-toggle-icon-opened fas fa-caret-up\"><\/i><\/span>\n\t\t\t\t\t\t\t\t\t\t\t\t\t<\/span>\n\t\t\t\t\t\t\t\t\t\t\t\t<a class=\"elementor-toggle-title\" tabindex=\"0\">Guia Oficial d'Allotjaments Comunitat Valenciana<\/a>\n\t\t\t\t\t<\/h3>\n\n\t\t\t\t\t<div id=\"elementor-tab-content-1574\" class=\"elementor-tab-content elementor-clearfix\" data-tab=\"4\" role=\"region\" aria-labelledby=\"elementor-tab-title-1574\"><p><a href=\"https:\/\/www.comunitatvalenciana.com\/es\/alojamientos\" target=\"_blank\" rel=\"noopener\">\u2192 Guia d&#8217;Allotjaments Comunitat Valenciana<\/a><\/p>\n<\/div>\n\t\t\t\t<\/div>\n\t\t\t\t\t\t\t\t<\/div>\n\t\t\t\t<\/div>\n\t\t\t\t<\/div>\n\t\t\t\t\t<\/div>\n\t\t<\/div>\n\t\t\t\t\t<\/div>\n\t\t<\/section>\n\t\t\t\t<section class=\"elementor-section elementor-top-section elementor-element elementor-element-d2b40a1 elementor-section-boxed elementor-section-height-default elementor-section-height-default\" data-id=\"d2b40a1\" data-element_type=\"section\">\n\t\t\t\t\t\t<div class=\"elementor-container elementor-column-gap-default\">\n\t\t\t\t\t<div class=\"elementor-column elementor-col-100 elementor-top-column elementor-element elementor-element-51f548d\" data-id=\"51f548d\" data-element_type=\"column\">\n\t\t\t<div class=\"elementor-widget-wrap elementor-element-populated\">\n\t\t\t\t\t\t<div class=\"elementor-element elementor-element-d8d84ab elementor-widget elementor-widget-heading\" data-id=\"d8d84ab\" data-element_type=\"widget\" data-widget_type=\"heading.default\">\n\t\t\t\t<div class=\"elementor-widget-container\">\n\t\t\t<h2 class=\"elementor-heading-title elementor-size-default\">Transport de caravanes a qualsevol destinaci\u00f3<\/h2>\t\t<\/div>\n\t\t\t\t<\/div>\n\t\t\t\t\t<\/div>\n\t\t<\/div>\n\t\t\t\t\t<\/div>\n\t\t<\/section>\n\t\t\t\t<section class=\"elementor-section elementor-top-section elementor-element elementor-element-c088c6d elementor-section-boxed elementor-section-height-default elementor-section-height-default\" data-id=\"c088c6d\" data-element_type=\"section\">\n\t\t\t\t\t\t<div class=\"elementor-container elementor-column-gap-default\">\n\t\t\t\t\t<div class=\"elementor-column elementor-col-50 elementor-top-column elementor-element elementor-element-b82a4fc\" data-id=\"b82a4fc\" data-element_type=\"column\">\n\t\t\t<div class=\"elementor-widget-wrap elementor-element-populated\">\n\t\t\t\t\t\t<div class=\"elementor-element elementor-element-a673310 elementor-widget elementor-widget-text-editor\" data-id=\"a673310\" data-element_type=\"widget\" data-widget_type=\"text-editor.default\">\n\t\t\t\t<div class=\"elementor-widget-container\">\n\t\t\t\t\t\t\t<p style=\"text-align: center;\">Trasllat de caravanes Girona<\/p>\n<p style=\"text-align: center;\">Trasllat de caravanes Tarragona<\/p>\n<p style=\"text-align: center;\">Trasllat de caravanes Barcelona<\/p>\n<p style=\"text-align: center;\">Trasllat de caravanes Lleida<\/p>\n\t\t\t\t\t\t<\/div>\n\t\t\t\t<\/div>\n\t\t\t\t\t<\/div>\n\t\t<\/div>\n\t\t\t\t<div class=\"elementor-column elementor-col-50 elementor-top-column elementor-element elementor-element-31a2049\" data-id=\"31a2049\" data-element_type=\"column\">\n\t\t\t<div class=\"elementor-widget-wrap elementor-element-populated\">\n\t\t\t\t\t\t<div class=\"elementor-element elementor-element-ef3964c elementor-widget elementor-widget-text-editor\" data-id=\"ef3964c\" data-element_type=\"widget\" data-widget_type=\"text-editor.default\">\n\t\t\t\t<div class=\"elementor-widget-container\">\n\t\t\t\t\t\t\t<p style=\"text-align: center;\"><span style=\"color: #000000;\">Traslado de caravanas Valencia<\/span><\/p>\n<div>\n<p style=\"text-align: center;\"><span style=\"color: #000000;\">Traslado de caravanas Arag\u00f3n<\/span><\/p>\n<p style=\"text-align: center;\"><span style=\"color: #000000;\">Traslado de caravanas Navarra<\/span><\/p>\n<p style=\"text-align: center;\"><span style=\"color: #000000;\">Traslado de caravanas Murcia<\/span><\/p>\n<\/div>\n\t\t\t\t\t\t<\/div>\n\t\t\t\t<\/div>\n\t\t\t\t\t<\/div>\n\t\t<\/div>\n\t\t\t\t\t<\/div>\n\t\t<\/section>\n\t\t\t\t<\/div>\n\t\t","protected":false},"excerpt":{"rendered":"<p>On vols anar. Tu decideixes on vols anar, o la destinaci\u00f3 del servei del trasllat. La nostra experi\u00e8ncia optimitza el treball per a la total comoditat de client. Cap a on \u00e9s possible realitzar el trasllat de caravanes?Si et trobes pensant en mudar la teva caravana a Tarragona, no et preocupis, amb el nostre servei &#8230; <a title=\"On vols anar.\" class=\"read-more\" href=\"https:\/\/trasladocaravanas.com\/ca\/on-vols-anar\/\" aria-label=\"M\u00e9s sobre On vols anar.\">Llegiu m\u00e9s<\/a><\/p>\n","protected":false},"author":1,"featured_media":0,"parent":0,"menu_order":0,"comment_status":"closed","ping_status":"closed","template":"","meta":[],"yoast_head":"<!-- This site is optimized with the Yoast SEO plugin v20.6 - https:\/\/yoast.com\/wordpress\/plugins\/seo\/ -->\n<title>Traslladem a qualsevol lloc - On vols anar?<\/title>\n<meta name=\"description\" content=\"\u25b6 Traslladem a qualsevol lloc - Remolc o Caravana - On vols anar? - Tria dest\u00ed - www.Trasladocaravanas.com tu posa facil.\" \/>\n<meta name=\"robots\" content=\"index, follow, max-snippet:-1, max-image-preview:large, max-video-preview:-1\" \/>\n<link rel=\"canonical\" href=\"https:\/\/trasladocaravanas.com\/ca\/on-vols-anar\/\" \/>\n<meta property=\"og:locale\" content=\"ca_ES\" \/>\n<meta property=\"og:type\" content=\"article\" \/>\n<meta property=\"og:title\" content=\"Traslladem a qualsevol lloc - On vols anar?\" \/>\n<meta property=\"og:description\" content=\"\u25b6 Traslladem a qualsevol lloc - Remolc o Caravana - On vols anar? - Tria dest\u00ed - www.Trasladocaravanas.com tu posa facil.\" \/>\n<meta property=\"og:url\" content=\"https:\/\/trasladocaravanas.com\/ca\/on-vols-anar\/\" \/>\n<meta property=\"og:site_name\" content=\"Traslado de caravanas\" \/>\n<meta property=\"article:publisher\" content=\"https:\/\/www.facebook.com\/trasladocaravanas\/\" \/>\n<meta property=\"article:modified_time\" content=\"2021-02-16T12:35:46+00:00\" \/>\n<meta property=\"og:image\" content=\"https:\/\/trasladocaravanas.com\/wp-content\/uploads\/2020\/08\/Mapa-de-Espana-1024x725.jpg\" \/>\n<meta name=\"twitter:label1\" content=\"Temps estimat de lectura\" \/>\n\t<meta name=\"twitter:data1\" content=\"1 minut\" \/>\n<script type=\"application\/ld+json\" class=\"yoast-schema-graph\">{\"@context\":\"https:\/\/schema.org\",\"@graph\":[{\"@type\":\"WebPage\",\"@id\":\"https:\/\/trasladocaravanas.com\/ca\/on-vols-anar\/\",\"url\":\"https:\/\/trasladocaravanas.com\/ca\/on-vols-anar\/\",\"name\":\"Traslladem a qualsevol lloc - On vols anar?\",\"isPartOf\":{\"@id\":\"https:\/\/trasladocaravanas.com\/ca\/#website\"},\"datePublished\":\"2020-11-03T10:00:46+00:00\",\"dateModified\":\"2021-02-16T12:35:46+00:00\",\"description\":\"\u25b6 Traslladem a qualsevol lloc - Remolc o Caravana - On vols anar? - Tria dest\u00ed - www.Trasladocaravanas.com tu posa facil.\",\"breadcrumb\":{\"@id\":\"https:\/\/trasladocaravanas.com\/ca\/on-vols-anar\/#breadcrumb\"},\"inLanguage\":\"ca\",\"potentialAction\":[{\"@type\":\"ReadAction\",\"target\":[\"https:\/\/trasladocaravanas.com\/ca\/on-vols-anar\/\"]}]},{\"@type\":\"BreadcrumbList\",\"@id\":\"https:\/\/trasladocaravanas.com\/ca\/on-vols-anar\/#breadcrumb\",\"itemListElement\":[{\"@type\":\"ListItem\",\"position\":1,\"name\":\"Portada\",\"item\":\"https:\/\/trasladocaravanas.com\/ca\/inicio\/\"},{\"@type\":\"ListItem\",\"position\":2,\"name\":\"On vols anar.\"}]},{\"@type\":\"WebSite\",\"@id\":\"https:\/\/trasladocaravanas.com\/ca\/#website\",\"url\":\"https:\/\/trasladocaravanas.com\/ca\/\",\"name\":\"Traslado de caravanas\",\"description\":\"Trasladamos Caravanas y Remolques\",\"publisher\":{\"@id\":\"https:\/\/trasladocaravanas.com\/ca\/#organization\"},\"potentialAction\":[{\"@type\":\"SearchAction\",\"target\":{\"@type\":\"EntryPoint\",\"urlTemplate\":\"https:\/\/trasladocaravanas.com\/ca\/?s={search_term_string}\"},\"query-input\":\"required name=search_term_string\"}],\"inLanguage\":\"ca\"},{\"@type\":\"Organization\",\"@id\":\"https:\/\/trasladocaravanas.com\/ca\/#organization\",\"name\":\"Traslado Caravanas\",\"url\":\"https:\/\/trasladocaravanas.com\/ca\/\",\"logo\":{\"@type\":\"ImageObject\",\"inLanguage\":\"ca\",\"@id\":\"https:\/\/trasladocaravanas.com\/ca\/#\/schema\/logo\/image\/\",\"url\":\"https:\/\/trasladocaravanas.com\/wp-content\/uploads\/2020\/07\/logo-petit.jpg\",\"contentUrl\":\"https:\/\/trasladocaravanas.com\/wp-content\/uploads\/2020\/07\/logo-petit.jpg\",\"width\":32,\"height\":32,\"caption\":\"Traslado Caravanas\"},\"image\":{\"@id\":\"https:\/\/trasladocaravanas.com\/ca\/#\/schema\/logo\/image\/\"},\"sameAs\":[\"https:\/\/www.facebook.com\/trasladocaravanas\/\"]}]}<\/script>\n<!-- \/ Yoast SEO plugin. -->","yoast_head_json":{"title":"Traslladem a qualsevol lloc - On vols anar?","description":"\u25b6 Traslladem a qualsevol lloc - Remolc o Caravana - On vols anar? - Tria dest\u00ed - www.Trasladocaravanas.com tu posa facil.","robots":{"index":"index","follow":"follow","max-snippet":"max-snippet:-1","max-image-preview":"max-image-preview:large","max-video-preview":"max-video-preview:-1"},"canonical":"https:\/\/trasladocaravanas.com\/ca\/on-vols-anar\/","og_locale":"ca_ES","og_type":"article","og_title":"Traslladem a qualsevol lloc - On vols anar?","og_description":"\u25b6 Traslladem a qualsevol lloc - Remolc o Caravana - On vols anar? - Tria dest\u00ed - www.Trasladocaravanas.com tu posa facil.","og_url":"https:\/\/trasladocaravanas.com\/ca\/on-vols-anar\/","og_site_name":"Traslado de caravanas","article_publisher":"https:\/\/www.facebook.com\/trasladocaravanas\/","article_modified_time":"2021-02-16T12:35:46+00:00","og_image":[{"url":"https:\/\/trasladocaravanas.com\/wp-content\/uploads\/2020\/08\/Mapa-de-Espana-1024x725.jpg"}],"twitter_misc":{"Temps estimat de lectura":"1 minut"},"schema":{"@context":"https:\/\/schema.org","@graph":[{"@type":"WebPage","@id":"https:\/\/trasladocaravanas.com\/ca\/on-vols-anar\/","url":"https:\/\/trasladocaravanas.com\/ca\/on-vols-anar\/","name":"Traslladem a qualsevol lloc - On vols anar?","isPartOf":{"@id":"https:\/\/trasladocaravanas.com\/ca\/#website"},"datePublished":"2020-11-03T10:00:46+00:00","dateModified":"2021-02-16T12:35:46+00:00","description":"\u25b6 Traslladem a qualsevol lloc - Remolc o Caravana - On vols anar? - Tria dest\u00ed - www.Trasladocaravanas.com tu posa facil.","breadcrumb":{"@id":"https:\/\/trasladocaravanas.com\/ca\/on-vols-anar\/#breadcrumb"},"inLanguage":"ca","potentialAction":[{"@type":"ReadAction","target":["https:\/\/trasladocaravanas.com\/ca\/on-vols-anar\/"]}]},{"@type":"BreadcrumbList","@id":"https:\/\/trasladocaravanas.com\/ca\/on-vols-anar\/#breadcrumb","itemListElement":[{"@type":"ListItem","position":1,"name":"Portada","item":"https:\/\/trasladocaravanas.com\/ca\/inicio\/"},{"@type":"ListItem","position":2,"name":"On vols anar."}]},{"@type":"WebSite","@id":"https:\/\/trasladocaravanas.com\/ca\/#website","url":"https:\/\/trasladocaravanas.com\/ca\/","name":"Traslado de caravanas","description":"Trasladamos Caravanas y Remolques","publisher":{"@id":"https:\/\/trasladocaravanas.com\/ca\/#organization"},"potentialAction":[{"@type":"SearchAction","target":{"@type":"EntryPoint","urlTemplate":"https:\/\/trasladocaravanas.com\/ca\/?s={search_term_string}"},"query-input":"required name=search_term_string"}],"inLanguage":"ca"},{"@type":"Organization","@id":"https:\/\/trasladocaravanas.com\/ca\/#organization","name":"Traslado Caravanas","url":"https:\/\/trasladocaravanas.com\/ca\/","logo":{"@type":"ImageObject","inLanguage":"ca","@id":"https:\/\/trasladocaravanas.com\/ca\/#\/schema\/logo\/image\/","url":"https:\/\/trasladocaravanas.com\/wp-content\/uploads\/2020\/07\/logo-petit.jpg","contentUrl":"https:\/\/trasladocaravanas.com\/wp-content\/uploads\/2020\/07\/logo-petit.jpg","width":32,"height":32,"caption":"Traslado Caravanas"},"image":{"@id":"https:\/\/trasladocaravanas.com\/ca\/#\/schema\/logo\/image\/"},"sameAs":["https:\/\/www.facebook.com\/trasladocaravanas\/"]}]}},"_links":{"self":[{"href":"https:\/\/trasladocaravanas.com\/ca\/wp-json\/wp\/v2\/pages\/608"}],"collection":[{"href":"https:\/\/trasladocaravanas.com\/ca\/wp-json\/wp\/v2\/pages"}],"about":[{"href":"https:\/\/trasladocaravanas.com\/ca\/wp-json\/wp\/v2\/types\/page"}],"author":[{"embeddable":true,"href":"https:\/\/trasladocaravanas.com\/ca\/wp-json\/wp\/v2\/users\/1"}],"replies":[{"embeddable":true,"href":"https:\/\/trasladocaravanas.com\/ca\/wp-json\/wp\/v2\/comments?post=608"}],"version-history":[{"count":24,"href":"https:\/\/trasladocaravanas.com\/ca\/wp-json\/wp\/v2\/pages\/608\/revisions"}],"predecessor-version":[{"id":811,"href":"https:\/\/trasladocaravanas.com\/ca\/wp-json\/wp\/v2\/pages\/608\/revisions\/811"}],"wp:attachment":[{"href":"https:\/\/trasladocaravanas.com\/ca\/wp-json\/wp\/v2\/media?parent=608"}],"curies":[{"name":"wp","href":"https:\/\/api.w.org\/{rel}","templated":true}]}}