{"id":820,"date":"2021-03-21T10:05:33","date_gmt":"2021-03-21T09:05:33","guid":{"rendered":"https:\/\/trasladocaravanas.com\/contacta-amb-nosaltres\/"},"modified":"2021-08-29T20:17:44","modified_gmt":"2021-08-29T18:17:44","slug":"contacta-amb-nosaltres","status":"publish","type":"page","link":"https:\/\/trasladocaravanas.com\/ca\/contacta-amb-nosaltres\/","title":{"rendered":"Contacta amb nosaltres."},"content":{"rendered":"\n<p>Per a m\u00e9s informaci\u00f3, Contacta amb nosaltres per informar-te i demana pressupost sense comprom\u00eds.<\/p>\n\n\n\n<p>Truca&#8217;ns o envia&#8217;ns un missatge, us respondrem el m\u00e9s aviat possible.<\/p>\n\n\n\n<p>El nostre tel\u00e8fon de contacte (o WhatsApp)<\/p>\n\n\n\n<p class=\"has-text-align-center has-vivid-red-color has-text-color has-large-font-size\"><a href=\"tel:630821652\">630 82 16 52<\/a><\/p>\n\n\n\n<p>L&#8217;enviament d&#8217;aquest formulari no suposa cap comprom\u00eds per la seva part i \u00e9s merament informatiu.<\/p>\n\n\n\n\n<div class=\"wpcf7 no-js\" id=\"wpcf7-f26-o1\" lang=\"es-ES\" dir=\"ltr\">\n<div class=\"screen-reader-response\"><p role=\"status\" aria-live=\"polite\" aria-atomic=\"true\"><\/p> <ul><\/ul><\/div>\n<form action=\"\/ca\/wp-json\/wp\/v2\/pages\/820#wpcf7-f26-o1\" method=\"post\" class=\"wpcf7-form init\" aria-label=\"Formulario de contacto\" novalidate=\"novalidate\" data-status=\"init\">\n<div style=\"display: none;\">\n<input type=\"hidden\" name=\"_wpcf7\" value=\"26\" \/>\n<input type=\"hidden\" name=\"_wpcf7_version\" value=\"5.7.7\" \/>\n<input type=\"hidden\" name=\"_wpcf7_locale\" value=\"es_ES\" \/>\n<input type=\"hidden\" name=\"_wpcf7_unit_tag\" value=\"wpcf7-f26-o1\" \/>\n<input type=\"hidden\" name=\"_wpcf7_container_post\" value=\"0\" \/>\n<input type=\"hidden\" name=\"_wpcf7_posted_data_hash\" value=\"\" \/>\n<input type=\"hidden\" name=\"_wpcf7_recaptcha_response\" value=\"\" \/>\n<\/div>\n<p><label> Tu nombre (obligatorio)<br \/>\n<span class=\"wpcf7-form-control-wrap\" data-name=\"your-name\"><input size=\"40\" class=\"wpcf7-form-control wpcf7-text wpcf7-validates-as-required\" aria-required=\"true\" aria-invalid=\"false\" value=\"\" type=\"text\" name=\"your-name\" \/><\/span> <\/label>\n<\/p>\n<p><label> Tu correo electr\u00f3nico (obligatorio)<br \/>\n<span class=\"wpcf7-form-control-wrap\" data-name=\"your-email\"><input size=\"40\" class=\"wpcf7-form-control wpcf7-text wpcf7-email wpcf7-validates-as-required wpcf7-validates-as-email\" aria-required=\"true\" aria-invalid=\"false\" value=\"\" type=\"email\" name=\"your-email\" \/><\/span> <\/label>\n<\/p>\n<p><label> Asunto<br \/>\n<span class=\"wpcf7-form-control-wrap\" data-name=\"your-subject\"><input size=\"40\" class=\"wpcf7-form-control wpcf7-text\" aria-invalid=\"false\" value=\"\" type=\"text\" name=\"your-subject\" \/><\/span> <\/label>\n<\/p>\n<p><label> Tu mensaje<br \/>\n<span class=\"wpcf7-form-control-wrap\" data-name=\"your-message\"><textarea cols=\"40\" rows=\"10\" class=\"wpcf7-form-control wpcf7-textarea\" aria-invalid=\"false\" name=\"your-message\"><\/textarea><\/span> <\/label>\n<\/p>\n<span class=\"wpcf7-form-control-wrap recaptcha\" data-name=\"recaptcha\"><span data-sitekey=\"6LeGzdEaAAAAAKttOuOdO6BtEOsg_ivgkanaONaj\" class=\"wpcf7-form-control g-recaptcha wpcf7-recaptcha\"><\/span>\r\n<noscript>\r\n\t<div class=\"grecaptcha-noscript\">\r\n\t\t<iframe src=\"https:\/\/www.google.com\/recaptcha\/api\/fallback?k=6LeGzdEaAAAAAKttOuOdO6BtEOsg_ivgkanaONaj\" frameborder=\"0\" scrolling=\"no\" width=\"310\" height=\"430\">\r\n\t\t<\/iframe>\r\n\t\t<textarea name=\"g-recaptcha-response\" rows=\"3\" cols=\"40\" placeholder=\"reCaptcha Response Here\">\r\n\t\t<\/textarea>\r\n\t<\/div>\r\n<\/noscript>\r\n<\/span>\n<p><input class=\"wpcf7-form-control has-spinner wpcf7-submit\" type=\"submit\" value=\"Enviar\" \/>\n<\/p><p style=\"display: none !important;\" class=\"akismet-fields-container\" data-prefix=\"_wpcf7_ak_\"><label>&#916;<textarea name=\"_wpcf7_ak_hp_textarea\" cols=\"45\" rows=\"8\" maxlength=\"100\"><\/textarea><\/label><input type=\"hidden\" id=\"ak_js_1\" name=\"_wpcf7_ak_js\" value=\"239\"\/><script>document.getElementById( \"ak_js_1\" ).setAttribute( \"value\", ( new Date() ).getTime() );<\/script><\/p><div class=\"wpcf7-response-output\" aria-hidden=\"true\"><\/div>\n<\/form>\n<\/div>\n\n\n\n\n<ul class=\"wp-container-1 wp-block-social-links aligncenter\"><li class=\"wp-social-link wp-social-link-facebook wp-block-social-link\"><a href=\"https:\/\/www.facebook.com\/trasladocaravanas\"  class=\"wp-block-social-link-anchor\"><svg width=\"24\" height=\"24\" viewBox=\"0 0 24 24\" version=\"1.1\" xmlns=\"http:\/\/www.w3.org\/2000\/svg\" aria-hidden=\"true\" focusable=\"false\"><path d=\"M12 2C6.5 2 2 6.5 2 12c0 5 3.7 9.1 8.4 9.9v-7H7.9V12h2.5V9.8c0-2.5 1.5-3.9 3.8-3.9 1.1 0 2.2.2 2.2.2v2.5h-1.3c-1.2 0-1.6.8-1.6 1.6V12h2.8l-.4 2.9h-2.3v7C18.3 21.1 22 17 22 12c0-5.5-4.5-10-10-10z\"><\/path><\/svg><span class=\"wp-block-social-link-label screen-reader-text\">Facebook<\/span><\/a><\/li>\n\n\n\n\n\n\n\n\n\n<li class=\"wp-social-link wp-social-link-mail wp-block-social-link\"><a href=\"http:\/\/Info@trasladocaravanas.com\"  class=\"wp-block-social-link-anchor\"><svg width=\"24\" height=\"24\" viewBox=\"0 0 24 24\" version=\"1.1\" xmlns=\"http:\/\/www.w3.org\/2000\/svg\" aria-hidden=\"true\" focusable=\"false\"><path d=\"M20,4H4C2.895,4,2,4.895,2,6v12c0,1.105,0.895,2,2,2h16c1.105,0,2-0.895,2-2V6C22,4.895,21.105,4,20,4z M20,8.236l-8,4.882 L4,8.236V6h16V8.236z\"><\/path><\/svg><span class=\"wp-block-social-link-label screen-reader-text\">Mail<\/span><\/a><\/li><\/ul>\n\n\n\n<div class=\"wp-block-media-text is-stacked-on-mobile is-vertically-aligned-center\" style=\"grid-template-columns:15% auto\"><figure class=\"wp-block-media-text__media\"><img fetchpriority=\"high\" width=\"450\" height=\"450\" src=\"https:\/\/trasladocaravanas.com\/wp-content\/uploads\/2020\/08\/direccion2.jpg\" alt=\"Transport de caravanes i remolcs\" class=\"wp-image-387 size-full\" srcset=\"https:\/\/trasladocaravanas.com\/wp-content\/uploads\/2020\/08\/direccion2.jpg 450w, https:\/\/trasladocaravanas.com\/wp-content\/uploads\/2020\/08\/direccion2-300x300.jpg 300w, https:\/\/trasladocaravanas.com\/wp-content\/uploads\/2020\/08\/direccion2-150x150.jpg 150w\" sizes=\"(max-width: 450px) 100vw, 450px\" \/><\/figure><div class=\"wp-block-media-text__content\">\n<p class=\"has-text-align-left has-normal-font-size\">Nom comercial:&nbsp;Traslados Caravanas<br>Domicilio:&nbsp;Pl. Olivera,3A , Pi de Sant Just, 25286, Lleida. <\/p>\n\n\n\n<p class=\"has-text-align-left has-normal-font-size\">Telf: 630 82 16 52<br>e-mail:&nbsp;trasladocaravanas@gmail.com \/ Info@trasladocaravanas.com<\/p>\n\n\n\n<p><a href=\"https:\/\/trasladocaravanas.com\/ca\/trasllat-24h\/\">Horari dels nostres serveis<\/a>\u231a<\/p>\n<\/div><\/div>\n\n\n\n<p><\/p>\n","protected":false},"excerpt":{"rendered":"<p>Per a m\u00e9s informaci\u00f3, Contacta amb nosaltres per informar-te i demana pressupost sense comprom\u00eds. Truca&#8217;ns o envia&#8217;ns un missatge, us respondrem el m\u00e9s aviat possible. El nostre tel\u00e8fon de contacte (o WhatsApp) 630 82 16 52 L&#8217;enviament d&#8217;aquest formulari no suposa cap comprom\u00eds per la seva part i \u00e9s merament informatiu. Nom comercial:&nbsp;Traslados CaravanasDomicilio:&nbsp;Pl. Olivera,3A &#8230; <a title=\"Contacta amb nosaltres.\" class=\"read-more\" href=\"https:\/\/trasladocaravanas.com\/ca\/contacta-amb-nosaltres\/\" aria-label=\"More on Contacta amb nosaltres.\">Read more<\/a><\/p>\n","protected":false},"author":1,"featured_media":0,"parent":0,"menu_order":0,"comment_status":"closed","ping_status":"closed","template":"","meta":[],"yoast_head":"<!-- This site is optimized with the Yoast SEO plugin v20.6 - https:\/\/yoast.com\/wordpress\/plugins\/seo\/ -->\n<title>Contacta amb nosaltres Trasllat de Caravanes i remolcs.<\/title>\n<meta name=\"description\" content=\"Contacta amb nosaltres - Per pressupost sense comprom\u00eds o consultes - \u260e 630 82 16 52 - Truca&#039;ns o envia&#039;ns un missatge - Trasladocaravanas.com\" \/>\n<meta name=\"robots\" content=\"index, follow, max-snippet:-1, max-image-preview:large, max-video-preview:-1\" \/>\n<link rel=\"canonical\" href=\"https:\/\/trasladocaravanas.com\/ca\/contacta-amb-nosaltres\/\" \/>\n<meta property=\"og:locale\" content=\"ca_ES\" \/>\n<meta property=\"og:type\" content=\"article\" \/>\n<meta property=\"og:title\" content=\"Contacta amb nosaltres Trasllat de Caravanes i remolcs.\" \/>\n<meta property=\"og:description\" content=\"Contacta amb nosaltres - Per pressupost sense comprom\u00eds o consultes - \u260e 630 82 16 52 - Truca&#039;ns o envia&#039;ns un missatge - Trasladocaravanas.com\" \/>\n<meta property=\"og:url\" content=\"https:\/\/trasladocaravanas.com\/ca\/contacta-amb-nosaltres\/\" \/>\n<meta property=\"og:site_name\" content=\"Traslado de caravanas\" \/>\n<meta property=\"article:publisher\" content=\"https:\/\/www.facebook.com\/trasladocaravanas\/\" \/>\n<meta property=\"article:modified_time\" content=\"2021-08-29T18:17:44+00:00\" \/>\n<meta property=\"og:image\" content=\"https:\/\/trasladocaravanas.com\/wp-content\/uploads\/2020\/08\/direccion2.jpg\" \/>\n<meta name=\"twitter:label1\" content=\"Est. reading time\" \/>\n\t<meta name=\"twitter:data1\" content=\"1 minut\" \/>\n<script type=\"application\/ld+json\" class=\"yoast-schema-graph\">{\"@context\":\"https:\/\/schema.org\",\"@graph\":[{\"@type\":\"WebPage\",\"@id\":\"https:\/\/trasladocaravanas.com\/ca\/contacta-amb-nosaltres\/\",\"url\":\"https:\/\/trasladocaravanas.com\/ca\/contacta-amb-nosaltres\/\",\"name\":\"Contacta amb nosaltres Trasllat de Caravanes i remolcs.\",\"isPartOf\":{\"@id\":\"https:\/\/trasladocaravanas.com\/ca\/#website\"},\"datePublished\":\"2021-03-21T09:05:33+00:00\",\"dateModified\":\"2021-08-29T18:17:44+00:00\",\"description\":\"Contacta amb nosaltres - Per pressupost sense comprom\u00eds o consultes - \u260e 630 82 16 52 - Truca'ns o envia'ns un missatge - Trasladocaravanas.com\",\"breadcrumb\":{\"@id\":\"https:\/\/trasladocaravanas.com\/ca\/contacta-amb-nosaltres\/#breadcrumb\"},\"inLanguage\":\"ca\",\"potentialAction\":[{\"@type\":\"ReadAction\",\"target\":[\"https:\/\/trasladocaravanas.com\/ca\/contacta-amb-nosaltres\/\"]}]},{\"@type\":\"BreadcrumbList\",\"@id\":\"https:\/\/trasladocaravanas.com\/ca\/contacta-amb-nosaltres\/#breadcrumb\",\"itemListElement\":[{\"@type\":\"ListItem\",\"position\":1,\"name\":\"Portada\",\"item\":\"https:\/\/trasladocaravanas.com\/ca\/inicio\/\"},{\"@type\":\"ListItem\",\"position\":2,\"name\":\"Contacta amb nosaltres.\"}]},{\"@type\":\"WebSite\",\"@id\":\"https:\/\/trasladocaravanas.com\/ca\/#website\",\"url\":\"https:\/\/trasladocaravanas.com\/ca\/\",\"name\":\"Traslado de caravanas\",\"description\":\"Trasladamos Caravanas y Remolques\",\"publisher\":{\"@id\":\"https:\/\/trasladocaravanas.com\/ca\/#organization\"},\"potentialAction\":[{\"@type\":\"SearchAction\",\"target\":{\"@type\":\"EntryPoint\",\"urlTemplate\":\"https:\/\/trasladocaravanas.com\/ca\/?s={search_term_string}\"},\"query-input\":\"required name=search_term_string\"}],\"inLanguage\":\"ca\"},{\"@type\":\"Organization\",\"@id\":\"https:\/\/trasladocaravanas.com\/ca\/#organization\",\"name\":\"Traslado Caravanas\",\"url\":\"https:\/\/trasladocaravanas.com\/ca\/\",\"logo\":{\"@type\":\"ImageObject\",\"inLanguage\":\"ca\",\"@id\":\"https:\/\/trasladocaravanas.com\/ca\/#\/schema\/logo\/image\/\",\"url\":\"https:\/\/trasladocaravanas.com\/wp-content\/uploads\/2020\/07\/logo-petit.jpg\",\"contentUrl\":\"https:\/\/trasladocaravanas.com\/wp-content\/uploads\/2020\/07\/logo-petit.jpg\",\"width\":32,\"height\":32,\"caption\":\"Traslado Caravanas\"},\"image\":{\"@id\":\"https:\/\/trasladocaravanas.com\/ca\/#\/schema\/logo\/image\/\"},\"sameAs\":[\"https:\/\/www.facebook.com\/trasladocaravanas\/\"]}]}<\/script>\n<!-- \/ Yoast SEO plugin. -->","yoast_head_json":{"title":"Contacta amb nosaltres Trasllat de Caravanes i remolcs.","description":"Contacta amb nosaltres - Per pressupost sense comprom\u00eds o consultes - \u260e 630 82 16 52 - Truca'ns o envia'ns un missatge - Trasladocaravanas.com","robots":{"index":"index","follow":"follow","max-snippet":"max-snippet:-1","max-image-preview":"max-image-preview:large","max-video-preview":"max-video-preview:-1"},"canonical":"https:\/\/trasladocaravanas.com\/ca\/contacta-amb-nosaltres\/","og_locale":"ca_ES","og_type":"article","og_title":"Contacta amb nosaltres Trasllat de Caravanes i remolcs.","og_description":"Contacta amb nosaltres - Per pressupost sense comprom\u00eds o consultes - \u260e 630 82 16 52 - Truca'ns o envia'ns un missatge - Trasladocaravanas.com","og_url":"https:\/\/trasladocaravanas.com\/ca\/contacta-amb-nosaltres\/","og_site_name":"Traslado de caravanas","article_publisher":"https:\/\/www.facebook.com\/trasladocaravanas\/","article_modified_time":"2021-08-29T18:17:44+00:00","og_image":[{"url":"https:\/\/trasladocaravanas.com\/wp-content\/uploads\/2020\/08\/direccion2.jpg"}],"twitter_misc":{"Est. reading time":"1 minut"},"schema":{"@context":"https:\/\/schema.org","@graph":[{"@type":"WebPage","@id":"https:\/\/trasladocaravanas.com\/ca\/contacta-amb-nosaltres\/","url":"https:\/\/trasladocaravanas.com\/ca\/contacta-amb-nosaltres\/","name":"Contacta amb nosaltres Trasllat de Caravanes i remolcs.","isPartOf":{"@id":"https:\/\/trasladocaravanas.com\/ca\/#website"},"datePublished":"2021-03-21T09:05:33+00:00","dateModified":"2021-08-29T18:17:44+00:00","description":"Contacta amb nosaltres - Per pressupost sense comprom\u00eds o consultes - \u260e 630 82 16 52 - Truca'ns o envia'ns un missatge - Trasladocaravanas.com","breadcrumb":{"@id":"https:\/\/trasladocaravanas.com\/ca\/contacta-amb-nosaltres\/#breadcrumb"},"inLanguage":"ca","potentialAction":[{"@type":"ReadAction","target":["https:\/\/trasladocaravanas.com\/ca\/contacta-amb-nosaltres\/"]}]},{"@type":"BreadcrumbList","@id":"https:\/\/trasladocaravanas.com\/ca\/contacta-amb-nosaltres\/#breadcrumb","itemListElement":[{"@type":"ListItem","position":1,"name":"Portada","item":"https:\/\/trasladocaravanas.com\/ca\/inicio\/"},{"@type":"ListItem","position":2,"name":"Contacta amb nosaltres."}]},{"@type":"WebSite","@id":"https:\/\/trasladocaravanas.com\/ca\/#website","url":"https:\/\/trasladocaravanas.com\/ca\/","name":"Traslado de caravanas","description":"Trasladamos Caravanas y Remolques","publisher":{"@id":"https:\/\/trasladocaravanas.com\/ca\/#organization"},"potentialAction":[{"@type":"SearchAction","target":{"@type":"EntryPoint","urlTemplate":"https:\/\/trasladocaravanas.com\/ca\/?s={search_term_string}"},"query-input":"required name=search_term_string"}],"inLanguage":"ca"},{"@type":"Organization","@id":"https:\/\/trasladocaravanas.com\/ca\/#organization","name":"Traslado Caravanas","url":"https:\/\/trasladocaravanas.com\/ca\/","logo":{"@type":"ImageObject","inLanguage":"ca","@id":"https:\/\/trasladocaravanas.com\/ca\/#\/schema\/logo\/image\/","url":"https:\/\/trasladocaravanas.com\/wp-content\/uploads\/2020\/07\/logo-petit.jpg","contentUrl":"https:\/\/trasladocaravanas.com\/wp-content\/uploads\/2020\/07\/logo-petit.jpg","width":32,"height":32,"caption":"Traslado Caravanas"},"image":{"@id":"https:\/\/trasladocaravanas.com\/ca\/#\/schema\/logo\/image\/"},"sameAs":["https:\/\/www.facebook.com\/trasladocaravanas\/"]}]}},"_links":{"self":[{"href":"https:\/\/trasladocaravanas.com\/ca\/wp-json\/wp\/v2\/pages\/820"}],"collection":[{"href":"https:\/\/trasladocaravanas.com\/ca\/wp-json\/wp\/v2\/pages"}],"about":[{"href":"https:\/\/trasladocaravanas.com\/ca\/wp-json\/wp\/v2\/types\/page"}],"author":[{"embeddable":true,"href":"https:\/\/trasladocaravanas.com\/ca\/wp-json\/wp\/v2\/users\/1"}],"replies":[{"embeddable":true,"href":"https:\/\/trasladocaravanas.com\/ca\/wp-json\/wp\/v2\/comments?post=820"}],"version-history":[{"count":10,"href":"https:\/\/trasladocaravanas.com\/ca\/wp-json\/wp\/v2\/pages\/820\/revisions"}],"predecessor-version":[{"id":984,"href":"https:\/\/trasladocaravanas.com\/ca\/wp-json\/wp\/v2\/pages\/820\/revisions\/984"}],"wp:attachment":[{"href":"https:\/\/trasladocaravanas.com\/ca\/wp-json\/wp\/v2\/media?parent=820"}],"curies":[{"name":"wp","href":"https:\/\/api.w.org\/{rel}","templated":true}]}}