{"id":823,"date":"2021-03-21T10:14:34","date_gmt":"2021-03-21T09:14:34","guid":{"rendered":"https:\/\/trasladocaravanas.com\/servei-de-trasllats\/"},"modified":"2021-09-26T12:42:44","modified_gmt":"2021-09-26T10:42:44","slug":"servei-de-trasllats","status":"publish","type":"page","link":"https:\/\/trasladocaravanas.com\/ca\/servei-de-trasllats\/","title":{"rendered":"Servei de trasllats"},"content":{"rendered":"\n<p>El nostre objectiu, en Servei de trasllats.<\/p>\n\n\n\n<p class=\"has-text-align-center has-vivid-cyan-blue-color has-text-color\">Volem oferir els nostres serveis amb la m\u00e0xima rapidesa.<\/p>\n\n\n\n<p class=\"has-text-align-center has-vivid-cyan-blue-color has-text-color\">Un pressupost ajustat.<\/p>\n\n\n\n<p class=\"has-text-align-center has-vivid-cyan-blue-color has-text-color\">M\u00e0xima Seguretat.<\/p>\n\n\n\n<p>Confi\u00ef&#8217;ns amb total tranquil\u00b7litat, qualsevol trasllat de caravana o remolc, que necessiti.<\/p>\n\n\n\n<p>Per descomptat, l&#8217;assessorarem en tot moment, aix\u00ed, tractarem d&#8217;atendre els seus desitjos i exig\u00e8ncies. Trobarem sempre la soluci\u00f3 adequada per a vost\u00e8.<\/p>\n\n\n\n<p>Amb la nostra seu situada en el centre de Catalunya, podem assistir qualsevol trasllat en breu.<\/p>\n\n\n\n<p>Amb TRASLLATS DE CARAVANES rebr\u00e0 un servei insuperable, r\u00e0pid i sense complicacions estant vost\u00e8 present o no.<\/p>\n\n\n\n<p>Informi&#8217;s de la gamma de serveis que oferim, i posi&#8217;s en <a href=\"https:\/\/trasladocaravanas.com\/ca\/contacta-amb-nosaltres\/\">&#8220;Contacte&#8221;<\/a> amb nosaltres. Estarem encantats d&#8217;atendre-li.<\/p>\n\n\n\n<p class=\"has-text-align-center\"><strong><em>Trasllat de Caravanes \/ Trasllat de Remolcs \/ Trasllat de comanxes <\/em><\/strong><\/p>\n\n\n\n<p class=\"has-text-align-center\"><strong>DISPOSEM DE REMOLCS PER A MOTOS, QUADS, ETC.<\/strong><\/p>\n\n\n\n<p class=\"has-text-align-center\"><strong><em>CRIDI&#8217;NS I SOLUCIONEM EL SEU PROBLEMA.<\/em><\/strong><\/p>\n\n\n\n<div class=\"wp-container-1 wp-block-buttons is-content-justification-center\">\n<div class=\"wp-block-button is-style-outline\"><a class=\"wp-block-button__link has-black-color has-luminous-vivid-amber-background-color has-text-color has-background\" href=\"https:\/\/trasladocaravanas.com\/ca\/contacta-amb-nosaltres\/\" style=\"border-radius:10px\" rel=\"&quot;alternate&quot; hreflang=&quot;es&quot;\"> Contacte sense comprom\u00eds<\/a><\/div>\n<\/div>\n\n\n\n<p>En cas necessari podem complementar el servei de Trasllat, amb el servei de taxi per a persones.<\/p>\n\n\n\n<p>La nostra empresa de dedicada al Taxi, li oferir\u00e0 un preu ajustat a la seva necessitat.<\/p>\n\n\n\n<p class=\"has-text-align-center has-black-color has-vivid-red-background-color has-text-color has-background\">Nom\u00e9s s&#8217;admeten trasllats de Caravanes amb documentaci\u00f3 i ITV a el dia.<\/p>\n\n\n\n<div class=\"wp-container-2 wp-block-buttons is-content-justification-center\">\n<div class=\"wp-block-button is-style-outline\"><a class=\"wp-block-button__link has-black-color has-luminous-vivid-amber-background-color has-text-color has-background\" href=\"https:\/\/taxisolsona.com\/\" style=\"border-radius:12px\" target=\"_blank\" rel=\"noreferrer noopener\">Taxisolsona.com<\/a><\/div>\n\n\n\n<div class=\"wp-block-button is-style-outline\"><a class=\"wp-block-button__link has-black-color has-luminous-vivid-amber-background-color has-text-color has-background\" href=\"https:\/\/taximonovolumen.com\/taxi-oliana\/\" style=\"border-radius:12px\" target=\"_blank\" rel=\"noreferrer noopener\">  Taxioliana.com  <\/a><\/div>\n\n\n\n<div class=\"wp-block-button is-style-outline\"><a class=\"wp-block-button__link has-black-color has-luminous-vivid-amber-background-color has-text-color has-background\" href=\"https:\/\/taximonovolumen.com\" style=\"border-radius:12px\" target=\"_blank\" rel=\"noreferrer noopener\">Taximonovolumen.com<\/a><\/div>\n<\/div>\n\n\n\n<p class=\"has-text-align-center\">A la seva disposici\u00f3<strong> Taxis Higueras<\/strong>.<\/p>\n\n\n\n<div class=\"wp-block-image\"><figure class=\"aligncenter size-large is-resized\"><img src=\"https:\/\/trasladocaravanas.com\/wp-content\/uploads\/2020\/09\/logotaxi.png\" alt=\"Logo Servicio de taxi\" class=\"wp-image-466\" width=\"210\" height=\"209\" title=\"Logo Servicio de taxi\" srcset=\"https:\/\/trasladocaravanas.com\/wp-content\/uploads\/2020\/09\/logotaxi.png 626w, https:\/\/trasladocaravanas.com\/wp-content\/uploads\/2020\/09\/logotaxi-300x300.png 300w, https:\/\/trasladocaravanas.com\/wp-content\/uploads\/2020\/09\/logotaxi-150x150.png 150w\" sizes=\"(max-width: 210px) 100vw, 210px\" \/><\/figure><\/div>\n\n\n\n<p><\/p>\n","protected":false},"excerpt":{"rendered":"<p>El nostre objectiu, en Servei de trasllats. Volem oferir els nostres serveis amb la m\u00e0xima rapidesa. Un pressupost ajustat. M\u00e0xima Seguretat. Confi\u00ef&#8217;ns amb total tranquil\u00b7litat, qualsevol trasllat de caravana o remolc, que necessiti. Per descomptat, l&#8217;assessorarem en tot moment, aix\u00ed, tractarem d&#8217;atendre els seus desitjos i exig\u00e8ncies. Trobarem sempre la soluci\u00f3 adequada per a vost\u00e8. &#8230; <a title=\"Servei de trasllats\" class=\"read-more\" href=\"https:\/\/trasladocaravanas.com\/ca\/servei-de-trasllats\/\" aria-label=\"M\u00e9s sobre Servei de trasllats\">Llegiu m\u00e9s<\/a><\/p>\n","protected":false},"author":1,"featured_media":0,"parent":0,"menu_order":0,"comment_status":"closed","ping_status":"closed","template":"","meta":[],"yoast_head":"<!-- This site is optimized with the Yoast SEO plugin v20.6 - https:\/\/yoast.com\/wordpress\/plugins\/seo\/ -->\n<title>Servei de trasllats de caravanes i remolcs.\u270c<\/title>\n<meta name=\"description\" content=\"Trasladocaravanas.com - Et ofereix els servei de trasllats per a la teva caravana o remolc - Informeu-vos de la gamma de serveis.\u270c\" \/>\n<meta name=\"robots\" content=\"index, follow, max-snippet:-1, max-image-preview:large, max-video-preview:-1\" \/>\n<link rel=\"canonical\" href=\"https:\/\/trasladocaravanas.com\/ca\/servei-de-trasllats\/\" \/>\n<meta property=\"og:locale\" content=\"ca_ES\" \/>\n<meta property=\"og:type\" content=\"article\" \/>\n<meta property=\"og:title\" content=\"Servei de trasllats de caravanes i remolcs.\u270c\" \/>\n<meta property=\"og:description\" content=\"Trasladocaravanas.com - Et ofereix els servei de trasllats per a la teva caravana o remolc - Informeu-vos de la gamma de serveis.\u270c\" \/>\n<meta property=\"og:url\" content=\"https:\/\/trasladocaravanas.com\/ca\/servei-de-trasllats\/\" \/>\n<meta property=\"og:site_name\" content=\"Traslado de caravanas\" \/>\n<meta property=\"article:publisher\" content=\"https:\/\/www.facebook.com\/trasladocaravanas\/\" \/>\n<meta property=\"article:modified_time\" content=\"2021-09-26T10:42:44+00:00\" \/>\n<meta property=\"og:image\" content=\"https:\/\/trasladocaravanas.com\/wp-content\/uploads\/2020\/09\/logotaxi.png\" \/>\n<meta name=\"twitter:label1\" content=\"Temps estimat de lectura\" \/>\n\t<meta name=\"twitter:data1\" content=\"2 minuts\" \/>\n<script type=\"application\/ld+json\" class=\"yoast-schema-graph\">{\"@context\":\"https:\/\/schema.org\",\"@graph\":[{\"@type\":\"WebPage\",\"@id\":\"https:\/\/trasladocaravanas.com\/ca\/servei-de-trasllats\/\",\"url\":\"https:\/\/trasladocaravanas.com\/ca\/servei-de-trasllats\/\",\"name\":\"Servei de trasllats de caravanes i remolcs.\u270c\",\"isPartOf\":{\"@id\":\"https:\/\/trasladocaravanas.com\/ca\/#website\"},\"datePublished\":\"2021-03-21T09:14:34+00:00\",\"dateModified\":\"2021-09-26T10:42:44+00:00\",\"description\":\"Trasladocaravanas.com - Et ofereix els servei de trasllats per a la teva caravana o remolc - Informeu-vos de la gamma de serveis.\u270c\",\"breadcrumb\":{\"@id\":\"https:\/\/trasladocaravanas.com\/ca\/servei-de-trasllats\/#breadcrumb\"},\"inLanguage\":\"ca\",\"potentialAction\":[{\"@type\":\"ReadAction\",\"target\":[\"https:\/\/trasladocaravanas.com\/ca\/servei-de-trasllats\/\"]}]},{\"@type\":\"BreadcrumbList\",\"@id\":\"https:\/\/trasladocaravanas.com\/ca\/servei-de-trasllats\/#breadcrumb\",\"itemListElement\":[{\"@type\":\"ListItem\",\"position\":1,\"name\":\"Portada\",\"item\":\"https:\/\/trasladocaravanas.com\/ca\/inicio\/\"},{\"@type\":\"ListItem\",\"position\":2,\"name\":\"Servei de trasllats\"}]},{\"@type\":\"WebSite\",\"@id\":\"https:\/\/trasladocaravanas.com\/ca\/#website\",\"url\":\"https:\/\/trasladocaravanas.com\/ca\/\",\"name\":\"Traslado de caravanas\",\"description\":\"Trasladamos Caravanas y Remolques\",\"publisher\":{\"@id\":\"https:\/\/trasladocaravanas.com\/ca\/#organization\"},\"potentialAction\":[{\"@type\":\"SearchAction\",\"target\":{\"@type\":\"EntryPoint\",\"urlTemplate\":\"https:\/\/trasladocaravanas.com\/ca\/?s={search_term_string}\"},\"query-input\":\"required name=search_term_string\"}],\"inLanguage\":\"ca\"},{\"@type\":\"Organization\",\"@id\":\"https:\/\/trasladocaravanas.com\/ca\/#organization\",\"name\":\"Traslado Caravanas\",\"url\":\"https:\/\/trasladocaravanas.com\/ca\/\",\"logo\":{\"@type\":\"ImageObject\",\"inLanguage\":\"ca\",\"@id\":\"https:\/\/trasladocaravanas.com\/ca\/#\/schema\/logo\/image\/\",\"url\":\"https:\/\/trasladocaravanas.com\/wp-content\/uploads\/2020\/07\/logo-petit.jpg\",\"contentUrl\":\"https:\/\/trasladocaravanas.com\/wp-content\/uploads\/2020\/07\/logo-petit.jpg\",\"width\":32,\"height\":32,\"caption\":\"Traslado Caravanas\"},\"image\":{\"@id\":\"https:\/\/trasladocaravanas.com\/ca\/#\/schema\/logo\/image\/\"},\"sameAs\":[\"https:\/\/www.facebook.com\/trasladocaravanas\/\"]}]}<\/script>\n<!-- \/ Yoast SEO plugin. -->","yoast_head_json":{"title":"Servei de trasllats de caravanes i remolcs.\u270c","description":"Trasladocaravanas.com - Et ofereix els servei de trasllats per a la teva caravana o remolc - Informeu-vos de la gamma de serveis.\u270c","robots":{"index":"index","follow":"follow","max-snippet":"max-snippet:-1","max-image-preview":"max-image-preview:large","max-video-preview":"max-video-preview:-1"},"canonical":"https:\/\/trasladocaravanas.com\/ca\/servei-de-trasllats\/","og_locale":"ca_ES","og_type":"article","og_title":"Servei de trasllats de caravanes i remolcs.\u270c","og_description":"Trasladocaravanas.com - Et ofereix els servei de trasllats per a la teva caravana o remolc - Informeu-vos de la gamma de serveis.\u270c","og_url":"https:\/\/trasladocaravanas.com\/ca\/servei-de-trasllats\/","og_site_name":"Traslado de caravanas","article_publisher":"https:\/\/www.facebook.com\/trasladocaravanas\/","article_modified_time":"2021-09-26T10:42:44+00:00","og_image":[{"url":"https:\/\/trasladocaravanas.com\/wp-content\/uploads\/2020\/09\/logotaxi.png"}],"twitter_misc":{"Temps estimat de lectura":"2 minuts"},"schema":{"@context":"https:\/\/schema.org","@graph":[{"@type":"WebPage","@id":"https:\/\/trasladocaravanas.com\/ca\/servei-de-trasllats\/","url":"https:\/\/trasladocaravanas.com\/ca\/servei-de-trasllats\/","name":"Servei de trasllats de caravanes i remolcs.\u270c","isPartOf":{"@id":"https:\/\/trasladocaravanas.com\/ca\/#website"},"datePublished":"2021-03-21T09:14:34+00:00","dateModified":"2021-09-26T10:42:44+00:00","description":"Trasladocaravanas.com - Et ofereix els servei de trasllats per a la teva caravana o remolc - Informeu-vos de la gamma de serveis.\u270c","breadcrumb":{"@id":"https:\/\/trasladocaravanas.com\/ca\/servei-de-trasllats\/#breadcrumb"},"inLanguage":"ca","potentialAction":[{"@type":"ReadAction","target":["https:\/\/trasladocaravanas.com\/ca\/servei-de-trasllats\/"]}]},{"@type":"BreadcrumbList","@id":"https:\/\/trasladocaravanas.com\/ca\/servei-de-trasllats\/#breadcrumb","itemListElement":[{"@type":"ListItem","position":1,"name":"Portada","item":"https:\/\/trasladocaravanas.com\/ca\/inicio\/"},{"@type":"ListItem","position":2,"name":"Servei de trasllats"}]},{"@type":"WebSite","@id":"https:\/\/trasladocaravanas.com\/ca\/#website","url":"https:\/\/trasladocaravanas.com\/ca\/","name":"Traslado de caravanas","description":"Trasladamos Caravanas y Remolques","publisher":{"@id":"https:\/\/trasladocaravanas.com\/ca\/#organization"},"potentialAction":[{"@type":"SearchAction","target":{"@type":"EntryPoint","urlTemplate":"https:\/\/trasladocaravanas.com\/ca\/?s={search_term_string}"},"query-input":"required name=search_term_string"}],"inLanguage":"ca"},{"@type":"Organization","@id":"https:\/\/trasladocaravanas.com\/ca\/#organization","name":"Traslado Caravanas","url":"https:\/\/trasladocaravanas.com\/ca\/","logo":{"@type":"ImageObject","inLanguage":"ca","@id":"https:\/\/trasladocaravanas.com\/ca\/#\/schema\/logo\/image\/","url":"https:\/\/trasladocaravanas.com\/wp-content\/uploads\/2020\/07\/logo-petit.jpg","contentUrl":"https:\/\/trasladocaravanas.com\/wp-content\/uploads\/2020\/07\/logo-petit.jpg","width":32,"height":32,"caption":"Traslado Caravanas"},"image":{"@id":"https:\/\/trasladocaravanas.com\/ca\/#\/schema\/logo\/image\/"},"sameAs":["https:\/\/www.facebook.com\/trasladocaravanas\/"]}]}},"_links":{"self":[{"href":"https:\/\/trasladocaravanas.com\/ca\/wp-json\/wp\/v2\/pages\/823"}],"collection":[{"href":"https:\/\/trasladocaravanas.com\/ca\/wp-json\/wp\/v2\/pages"}],"about":[{"href":"https:\/\/trasladocaravanas.com\/ca\/wp-json\/wp\/v2\/types\/page"}],"author":[{"embeddable":true,"href":"https:\/\/trasladocaravanas.com\/ca\/wp-json\/wp\/v2\/users\/1"}],"replies":[{"embeddable":true,"href":"https:\/\/trasladocaravanas.com\/ca\/wp-json\/wp\/v2\/comments?post=823"}],"version-history":[{"count":3,"href":"https:\/\/trasladocaravanas.com\/ca\/wp-json\/wp\/v2\/pages\/823\/revisions"}],"predecessor-version":[{"id":998,"href":"https:\/\/trasladocaravanas.com\/ca\/wp-json\/wp\/v2\/pages\/823\/revisions\/998"}],"wp:attachment":[{"href":"https:\/\/trasladocaravanas.com\/ca\/wp-json\/wp\/v2\/media?parent=823"}],"curies":[{"name":"wp","href":"https:\/\/api.w.org\/{rel}","templated":true}]}}